{"id":156,"date":"2016-01-25T13:28:14","date_gmt":"2016-01-25T12:28:14","guid":{"rendered":"http:\/\/www.mueller-pvc-naht.de\/?page_id=156"},"modified":"2021-03-25T23:13:29","modified_gmt":"2021-03-25T22:13:29","slug":"contact","status":"publish","type":"page","link":"https:\/\/www.mueller-pvc-naht.de\/en\/contact\/","title":{"rendered":"Contact"},"content":{"rendered":"<p>[et_pb_section fb_built=&#8221;1&#8243; admin_label=&#8221;section&#8221; _builder_version=&#8221;3.22.3&#8243;][et_pb_row _builder_version=&#8221;3.25&#8243; background_size=&#8221;initial&#8221; background_position=&#8221;top_left&#8221; background_repeat=&#8221;repeat&#8221;][et_pb_column type=&#8221;4_4&#8243; _builder_version=&#8221;3.25&#8243; custom_padding=&#8221;|||&#8221; custom_padding__hover=&#8221;|||&#8221;][et_pb_text _builder_version=&#8221;3.25.2&#8243; background_size=&#8221;initial&#8221; background_position=&#8221;top_left&#8221; background_repeat=&#8221;repeat&#8221; use_border_color=&#8221;off&#8221; border_color=&#8221;#ffffff&#8221; border_style=&#8221;solid&#8221;]<\/p>\n<h1 class=\"et_pb_contact_main_title\">Contact<\/h1>\n<p>[\/et_pb_text][\/et_pb_column][\/et_pb_row][et_pb_row column_structure=&#8221;2_3,1_3&#8243; admin_label=&#8221;row&#8221; _builder_version=&#8221;3.25&#8243; background_size=&#8221;initial&#8221; background_position=&#8221;top_left&#8221; background_repeat=&#8221;repeat&#8221;][et_pb_column type=&#8221;2_3&#8243; _builder_version=&#8221;3.25&#8243; custom_padding=&#8221;|||&#8221; custom_padding__hover=&#8221;|||&#8221;][et_pb_text _builder_version=&#8221;3.0.87&#8243; background_size=&#8221;initial&#8221; background_position=&#8221;top_left&#8221; background_repeat=&#8221;repeat&#8221; use_border_color=&#8221;off&#8221; border_color=&#8221;#ffffff&#8221; border_style=&#8221;solid&#8221;]<strong><img loading=\"lazy\" decoding=\"async\" class=\"alignnone wp-image-5\" src=\"https:\/\/www.mueller-pvc-naht.de\/wp-content\/uploads\/sites\/6\/2016\/01\/WM_Logo_sw_klein-300x70.png\" alt=\"WM_Logo_sw_klein\" width=\"189\" height=\"39\" \/><\/strong><\/p>\n<p><strong>Werner M\u00fcller GmbH<\/strong><br \/>\n<strong> PVC-Kaltschwei\u00dftechnik<\/strong><\/p>\n<p>Rudolf-Diesel-Stra\u00dfe 7<br \/>\n67227 Frankenthal, Germany<\/p>\n<p><strong>Phone:<\/strong> +49-(0) 62 33-37 93-0<br \/>\n<strong>Fax:<\/strong> +49-(0) 62 33-37 93-20<\/p>\n<p><strong>E-mail:<\/strong> <a href=\"mailto:info@mueller-pvc-naht.de\">info@mueller-pvc-naht.de<\/a><br \/>\n[\/et_pb_text][\/et_pb_column][et_pb_column type=&#8221;1_3&#8243; _builder_version=&#8221;3.25&#8243; custom_padding=&#8221;|||&#8221; custom_padding__hover=&#8221;|||&#8221;][\/et_pb_column][\/et_pb_row][\/et_pb_section]<\/p>\n","protected":false},"excerpt":{"rendered":"<p>Contact Werner M\u00fcller GmbH PVC-Kaltschwei\u00dftechnik Rudolf-Diesel-Stra\u00dfe 7 67227 Frankenthal, Germany Phone: +49-(0) 62 33-37 93-0 Fax: +49-(0) 62 33-37 93-20 E-mail: info@mueller-pvc-naht.de<\/p>\n","protected":false},"author":1,"featured_media":0,"parent":0,"menu_order":4,"comment_status":"closed","ping_status":"closed","template":"","meta":{"_et_pb_use_builder":"on","_et_pb_old_content":"","_et_gb_content_width":"","footnotes":""},"class_list":["post-156","page","type-page","status-publish","hentry"],"_links":{"self":[{"href":"https:\/\/www.mueller-pvc-naht.de\/en\/wp-json\/wp\/v2\/pages\/156","targetHints":{"allow":["GET"]}}],"collection":[{"href":"https:\/\/www.mueller-pvc-naht.de\/en\/wp-json\/wp\/v2\/pages"}],"about":[{"href":"https:\/\/www.mueller-pvc-naht.de\/en\/wp-json\/wp\/v2\/types\/page"}],"author":[{"embeddable":true,"href":"https:\/\/www.mueller-pvc-naht.de\/en\/wp-json\/wp\/v2\/users\/1"}],"replies":[{"embeddable":true,"href":"https:\/\/www.mueller-pvc-naht.de\/en\/wp-json\/wp\/v2\/comments?post=156"}],"version-history":[{"count":31,"href":"https:\/\/www.mueller-pvc-naht.de\/en\/wp-json\/wp\/v2\/pages\/156\/revisions"}],"predecessor-version":[{"id":26140,"href":"https:\/\/www.mueller-pvc-naht.de\/en\/wp-json\/wp\/v2\/pages\/156\/revisions\/26140"}],"wp:attachment":[{"href":"https:\/\/www.mueller-pvc-naht.de\/en\/wp-json\/wp\/v2\/media?parent=156"}],"curies":[{"name":"wp","href":"https:\/\/api.w.org\/{rel}","templated":true}]}}