{"id":156,"date":"2016-01-25T13:28:14","date_gmt":"2016-01-25T12:28:14","guid":{"rendered":"http:\/\/www.mueller-pvc-naht.de\/?page_id=156"},"modified":"2021-03-25T23:15:45","modified_gmt":"2021-03-25T22:15:45","slug":"contacto","status":"publish","type":"page","link":"https:\/\/www.mueller-pvc-naht.de\/es\/contacto\/","title":{"rendered":"Contacto"},"content":{"rendered":"<p>[et_pb_section fb_built=\u00bb1&#8243; admin_label=\u00bbsection\u00bb _builder_version=\u00bb3.22.3&#8243;][et_pb_row _builder_version=\u00bb3.25&#8243; background_size=\u00bbinitial\u00bb background_position=\u00bbtop_left\u00bb background_repeat=\u00bbrepeat\u00bb][et_pb_column type=\u00bb4_4&#8243; _builder_version=\u00bb3.25&#8243; custom_padding=\u00bb|||\u00bb custom_padding__hover=\u00bb|||\u00bb][et_pb_text _builder_version=\u00bb3.0.87&#8243; background_size=\u00bbinitial\u00bb background_position=\u00bbtop_left\u00bb background_repeat=\u00bbrepeat\u00bb use_border_color=\u00bboff\u00bb border_color=\u00bb#ffffff\u00bb border_style=\u00bbsolid\u00bb]<\/p>\n<h1 class=\"et_pb_contact_main_title et-fb-editable-element et-fb-editable-element__editing\" data-shortcode-id=\"0.1.0.0-1616710515017\" data-quickaccess-id=\"title\" contenteditable=\"true\">Contacto<\/h1>\n<p>[\/et_pb_text][\/et_pb_column][\/et_pb_row][et_pb_row column_structure=\u00bb2_3,1_3&#8243; admin_label=\u00bbrow\u00bb _builder_version=\u00bb3.25&#8243; background_size=\u00bbinitial\u00bb background_position=\u00bbtop_left\u00bb background_repeat=\u00bbrepeat\u00bb][et_pb_column type=\u00bb2_3&#8243; _builder_version=\u00bb3.25&#8243; custom_padding=\u00bb|||\u00bb custom_padding__hover=\u00bb|||\u00bb][et_pb_text _builder_version=\u00bb3.0.87&#8243; background_size=\u00bbinitial\u00bb background_position=\u00bbtop_left\u00bb background_repeat=\u00bbrepeat\u00bb use_border_color=\u00bboff\u00bb border_color=\u00bb#ffffff\u00bb border_style=\u00bbsolid\u00bb]<strong><img loading=\"lazy\" decoding=\"async\" class=\"alignnone wp-image-5\" src=\"https:\/\/www.mueller-pvc-naht.de\/wp-content\/uploads\/sites\/10\/2016\/01\/WM_Logo_sw_klein-300x70.png\" alt=\"WM_Logo_sw_klein\" width=\"189\" height=\"39\" \/><\/strong><\/p>\n<p><strong>Werner M\u00fcller GmbH<\/strong><br \/>\n<strong> PVC-Kaltschwei\u00dftechnik<\/strong><\/p>\n<p>Rudolf-Diesel-Stra\u00dfe 7<br \/>\n67227 Frankenthal, Germany<\/p>\n<p><strong>Tel:<\/strong> +49-(0) 62 33-37 93-0<br \/>\n<strong>Fax:<\/strong> +49-(0) 62 33-37 93-20<\/p>\n<p><strong>Correo electr\u00f3nico:<\/strong> <a href=\"mailto:info@mueller-pvc-naht.de\">info@mueller-pvc-naht.de<\/a><br \/>\n[\/et_pb_text][\/et_pb_column][et_pb_column type=\u00bb1_3&#8243; _builder_version=\u00bb3.25&#8243; custom_padding=\u00bb|||\u00bb custom_padding__hover=\u00bb|||\u00bb][\/et_pb_column][\/et_pb_row][\/et_pb_section]<\/p>\n","protected":false},"excerpt":{"rendered":"<p>Contacto Werner M\u00fcller GmbH PVC-Kaltschwei\u00dftechnik Rudolf-Diesel-Stra\u00dfe 7 67227 Frankenthal, Germany Tel: +49-(0) 62 33-37 93-0 Fax: +49-(0) 62 33-37 93-20 Correo electr\u00f3nico: info@mueller-pvc-naht.de<\/p>\n","protected":false},"author":1,"featured_media":0,"parent":0,"menu_order":4,"comment_status":"closed","ping_status":"closed","template":"","meta":{"_et_pb_use_builder":"on","_et_pb_old_content":"","_et_gb_content_width":"","footnotes":""},"class_list":["post-156","page","type-page","status-publish","hentry"],"_links":{"self":[{"href":"https:\/\/www.mueller-pvc-naht.de\/es\/wp-json\/wp\/v2\/pages\/156","targetHints":{"allow":["GET"]}}],"collection":[{"href":"https:\/\/www.mueller-pvc-naht.de\/es\/wp-json\/wp\/v2\/pages"}],"about":[{"href":"https:\/\/www.mueller-pvc-naht.de\/es\/wp-json\/wp\/v2\/types\/page"}],"author":[{"embeddable":true,"href":"https:\/\/www.mueller-pvc-naht.de\/es\/wp-json\/wp\/v2\/users\/1"}],"replies":[{"embeddable":true,"href":"https:\/\/www.mueller-pvc-naht.de\/es\/wp-json\/wp\/v2\/comments?post=156"}],"version-history":[{"count":33,"href":"https:\/\/www.mueller-pvc-naht.de\/es\/wp-json\/wp\/v2\/pages\/156\/revisions"}],"predecessor-version":[{"id":26181,"href":"https:\/\/www.mueller-pvc-naht.de\/es\/wp-json\/wp\/v2\/pages\/156\/revisions\/26181"}],"wp:attachment":[{"href":"https:\/\/www.mueller-pvc-naht.de\/es\/wp-json\/wp\/v2\/media?parent=156"}],"curies":[{"name":"wp","href":"https:\/\/api.w.org\/{rel}","templated":true}]}}