{"id":25767,"date":"2016-09-07T15:37:06","date_gmt":"2016-09-07T13:37:06","guid":{"rendered":"http:\/\/www.mueller-pvc-naht.de\/?page_id=25767"},"modified":"2018-02-15T14:13:28","modified_gmt":"2018-02-15T13:13:28","slug":"vista_general","status":"publish","type":"page","link":"https:\/\/www.mueller-pvc-naht.de\/es\/productos\/vista_general\/","title":{"rendered":"Vista general"},"content":{"rendered":"<p>[et_pb_section admin_label=\u00bbsection\u00bb transparent_background=\u00bboff\u00bb allow_player_pause=\u00bboff\u00bb inner_shadow=\u00bboff\u00bb parallax=\u00bboff\u00bb parallax_method=\u00bboff\u00bb padding_mobile=\u00bboff\u00bb make_fullwidth=\u00bboff\u00bb use_custom_width=\u00bboff\u00bb width_unit=\u00bbon\u00bb custom_width_px=\u00bb1080px\u00bb custom_width_percent=\u00bb80%\u00bb make_equal=\u00bboff\u00bb use_custom_gutter=\u00bboff\u00bb gutter_width=\u00bb3&#8243; fullwidth=\u00bboff\u00bb specialty=\u00bboff\u00bb disabled=\u00bboff\u00bb][et_pb_row admin_label=\u00bbrow\u00bb make_fullwidth=\u00bboff\u00bb use_custom_width=\u00bboff\u00bb width_unit=\u00bbon\u00bb custom_width_px=\u00bb1080px\u00bb custom_width_percent=\u00bb80%\u00bb use_custom_gutter=\u00bboff\u00bb gutter_width=\u00bb3&#8243; padding_mobile=\u00bboff\u00bb allow_player_pause=\u00bboff\u00bb parallax=\u00bboff\u00bb parallax_method=\u00bboff\u00bb make_equal=\u00bboff\u00bb column_padding_mobile=\u00bbon\u00bb parallax_1=\u00bboff\u00bb parallax_method_1=\u00bboff\u00bb parallax_2=\u00bboff\u00bb parallax_method_2=\u00bbon\u00bb parallax_3=\u00bboff\u00bb parallax_method_3=\u00bbon\u00bb parallax_4=\u00bboff\u00bb parallax_method_4=\u00bbon\u00bb disabled=\u00bboff\u00bb][et_pb_column type=\u00bb4_4&#8243;][et_pb_text admin_label=\u00bbText\u00bb background_layout=\u00bblight\u00bb text_orientation=\u00bbleft\u00bb use_border_color=\u00bboff\u00bb border_style=\u00bbsolid\u00bb custom_margin=\u00bb||-50px|\u00bb disabled=\u00bboff\u00bb border_color=\u00bb#ffffff\u00bb]<\/p>\n<h1>El sistema de soldadura en fr\u00edo de PVC de Werner M\u00fcller<\/h1>\n<h3><span style=\"color: #ee7800;\">Pr\u00e1ctico<\/span> <span style=\"color: #666666;\">| <\/span><span style=\"color: #ee7800;\">Resistente al agua<\/span> <span style=\"color: #666666;\">|<\/span> <span style=\"color: #ee7800;\">Duradero<\/span><\/h3>\n<p>Los productos de la firma Werner M\u00fcller destacan por su poder de innovaci\u00f3n, su alta fiabilidad y sus m\u00faltiples posibilidades de uso. El sistema de soldadura en fr\u00edo est\u00e1 adaptado a la respectiva finalidad de uso y se caracteriza por su f\u00e1cil manejo.<\/p>\n<p>[\/et_pb_text][\/et_pb_column][\/et_pb_row][\/et_pb_section][et_pb_section admin_label=\u00bbsection\u00bb transparent_background=\u00bboff\u00bb background_color=\u00bb#ffffff\u00bb allow_player_pause=\u00bboff\u00bb inner_shadow=\u00bboff\u00bb parallax=\u00bboff\u00bb parallax_method=\u00bboff\u00bb custom_padding=\u00bb0px||0px|\u00bb padding_mobile=\u00bboff\u00bb make_fullwidth=\u00bboff\u00bb use_custom_width=\u00bboff\u00bb width_unit=\u00bbon\u00bb custom_width_px=\u00bb1080px\u00bb custom_width_percent=\u00bb80%\u00bb make_equal=\u00bboff\u00bb use_custom_gutter=\u00bboff\u00bb gutter_width=\u00bb3&#8243; fullwidth=\u00bboff\u00bb specialty=\u00bboff\u00bb disabled=\u00bboff\u00bb][et_pb_row admin_label=\u00bbrow\u00bb make_fullwidth=\u00bboff\u00bb use_custom_width=\u00bboff\u00bb width_unit=\u00bbon\u00bb custom_width_px=\u00bb1080px\u00bb custom_width_percent=\u00bb80%\u00bb use_custom_gutter=\u00bboff\u00bb gutter_width=\u00bb3&#8243; custom_padding=\u00bb||0px|\u00bb padding_mobile=\u00bboff\u00bb custom_margin=\u00bb0px||0px|\u00bb allow_player_pause=\u00bboff\u00bb parallax=\u00bboff\u00bb parallax_method=\u00bboff\u00bb make_equal=\u00bboff\u00bb column_padding_mobile=\u00bbon\u00bb parallax_1=\u00bboff\u00bb parallax_method_1=\u00bboff\u00bb parallax_2=\u00bboff\u00bb parallax_method_2=\u00bbon\u00bb parallax_3=\u00bboff\u00bb parallax_method_3=\u00bbon\u00bb parallax_4=\u00bboff\u00bb parallax_method_4=\u00bbon\u00bb disabled=\u00bboff\u00bb][et_pb_column type=\u00bb4_4&#8243;][et_pb_text admin_label=\u00bbText\u00bb background_layout=\u00bblight\u00bb text_orientation=\u00bbleft\u00bb use_border_color=\u00bboff\u00bb border_style=\u00bbsolid\u00bb disabled=\u00bboff\u00bb border_color=\u00bb#ffffff\u00bb]<\/p>\n<h1>TIPO A | TIPO T | TIPO C<\/h1>\n<h3>Sello de costuras de revestimientos de suelo de PVC \/ revestimientos de pared de PVC y papeles pintados de PVC<\/h3>\n<p>[\/et_pb_text][\/et_pb_column][\/et_pb_row][\/et_pb_section][et_pb_section admin_label=\u00bbSection\u00bb transparent_background=\u00bboff\u00bb background_color=\u00bb#ffffff\u00bb allow_player_pause=\u00bboff\u00bb inner_shadow=\u00bboff\u00bb parallax=\u00bboff\u00bb parallax_method=\u00bboff\u00bb custom_padding=\u00bb-50px|||\u00bb padding_mobile=\u00bboff\u00bb make_fullwidth=\u00bboff\u00bb use_custom_width=\u00bboff\u00bb width_unit=\u00bbon\u00bb custom_width_px=\u00bb1080px\u00bb custom_width_percent=\u00bb80%\u00bb make_equal=\u00bboff\u00bb use_custom_gutter=\u00bboff\u00bb gutter_width=\u00bb3&#8243; fullwidth=\u00bboff\u00bb specialty=\u00bbon\u00bb parallax_1=\u00bboff\u00bb parallax_2=\u00bboff\u00bb parallax_method_1=\u00bboff\u00bb parallax_method_2=\u00bboff\u00bb disabled=\u00bboff\u00bb][et_pb_column type=\u00bb1_2&#8243;][et_pb_image admin_label=\u00bbImage\u00bb src=\u00bbhttps:\/\/www.mueller-pvc-naht.de\/es\/wp-content\/uploads\/sites\/10\/Tipo_A_T_C_44g_es.jpg\u00bb show_in_lightbox=\u00bboff\u00bb url_new_window=\u00bboff\u00bb use_overlay=\u00bboff\u00bb sticky=\u00bboff\u00bb align=\u00bbleft\u00bb force_fullwidth=\u00bboff\u00bb always_center_on_mobile=\u00bbon\u00bb use_border_color=\u00bboff\u00bb border_color=\u00bb#ffffff\u00bb border_style=\u00bbsolid\u00bb disabled=\u00bboff\u00bb animation=\u00bbfade_in\u00bb]<br \/>\n[\/et_pb_image][\/et_pb_column][et_pb_column type=\u00bb1_2&#8243; specialty_columns=\u00bb2&#8243;][et_pb_row_inner admin_label=\u00bbrow_inner\u00bb padding_mobile=\u00bboff\u00bb use_custom_gutter=\u00bboff\u00bb make_equal=\u00bboff\u00bb column_padding_mobile=\u00bbon\u00bb background_color_1=\u00bb#ededed\u00bb padding_top_1=\u00bb20px\u00bb padding_right_1=\u00bb20px\u00bb padding_bottom_1=\u00bb20px\u00bb padding_left_1=\u00bb20px\u00bb parallax_1=\u00bboff\u00bb parallax_method_1=\u00bboff\u00bb parallax_2=\u00bboff\u00bb parallax_method_2=\u00bbon\u00bb parallax_3=\u00bboff\u00bb parallax_method_3=\u00bbon\u00bb disabled=\u00bboff\u00bb][et_pb_column_inner type=\u00bb4_4&#8243; saved_specialty_column_type=\u00bb1_2&#8243;][et_pb_toggle admin_label=\u00bbNeuverlegung\u00bb title=\u00bbNueva colocaci\u00f3n\u00bb open=\u00bbon\u00bb title_font_size=\u00bb18&#8243; use_border_color=\u00bboff\u00bb border_color=\u00bb#ffffff\u00bb border_style=\u00bbsolid\u00bb disabled=\u00bboff\u00bb]<\/p>\n<h3>TIPO A<br \/>\nSoldadura l\u00edquida en fr\u00edo para PVC<\/h3>\n<p style=\"text-align: left;\">para revestimientos de suelo de PVC \/<br \/>\nrevestimientos de paredes de PVC<br \/>\ncon <strong>juntas muy ajustadas<\/strong> (doble corte).<\/p>\n<p style=\"text-align: left;\"><a href=\"https:\/\/www.mueller-pvc-naht.de\/es\/productos\/tipo-a\/\"><strong><strong>M\u00e1s informaci\u00f3n sobre el <\/strong>TIPO A &#8211;&gt;<\/strong><\/a><\/p>\n<hr \/>\n<h3>TIPO T<br \/>\nPasta de soldadura en fr\u00edo para PVC<\/h3>\n<p>para revestimientos de suelo de PVC<br \/>\ncon <strong>reverso textil<\/strong> y <strong>juntas muy ajustadas<\/strong> (doble corte).<\/p>\n<p style=\"text-align: left;\"><a href=\"https:\/\/www.mueller-pvc-naht.de\/es\/productos\/tipo-t\/\"><strong><strong>M\u00e1s informaci\u00f3n sobre el <\/strong>TIPO T &#8211;&gt;<\/strong><\/a><\/p>\n<p>[\/et_pb_toggle][et_pb_toggle admin_label=\u00bbReparatur\u00bb title=\u00bbReparaci\u00f3n\u00bb open=\u00bbon\u00bb title_font_size=\u00bb18&#8243; use_border_color=\u00bboff\u00bb border_color=\u00bb#ffffff\u00bb border_style=\u00bbsolid\u00bb disabled=\u00bboff\u00bb]<\/p>\n<h3>TIPO C<strong><br \/>\n<\/strong>Pasta de soldadura en fr\u00edo para PVC<\/h3>\n<p>para revestimientos de suelo de PVC \/<br \/>\nrevestimientos de paredes de PVC<br \/>\ncon<strong> juntas de 0,3 \u2013 4 mm<\/strong> (trabajos de reparaci\u00f3n)<br \/>\ny paneles pintados de PVC.<\/p>\n<p><strong><a href=\"https:\/\/www.mueller-pvc-naht.de\/es\/productos\/tipo-c\/\">M\u00e1s informaci\u00f3n sobre el TIPO C &#8211;&gt;<\/a><\/strong><\/p>\n<p>[\/et_pb_toggle][\/et_pb_column_inner][\/et_pb_row_inner][\/et_pb_column][\/et_pb_section][et_pb_section admin_label=\u00bbSection\u00bb transparent_background=\u00bboff\u00bb allow_player_pause=\u00bboff\u00bb inner_shadow=\u00bboff\u00bb parallax=\u00bboff\u00bb parallax_method=\u00bbon\u00bb padding_mobile=\u00bboff\u00bb make_fullwidth=\u00bboff\u00bb use_custom_width=\u00bboff\u00bb width_unit=\u00bboff\u00bb custom_width_px=\u00bb1080px\u00bb custom_width_percent=\u00bb80%\u00bb make_equal=\u00bboff\u00bb use_custom_gutter=\u00bboff\u00bb fullwidth=\u00bboff\u00bb specialty=\u00bboff\u00bb disabled=\u00bboff\u00bb][et_pb_row admin_label=\u00bbRow\u00bb make_fullwidth=\u00bboff\u00bb use_custom_width=\u00bboff\u00bb width_unit=\u00bboff\u00bb custom_width_px=\u00bb1080px\u00bb custom_width_percent=\u00bb80%\u00bb use_custom_gutter=\u00bboff\u00bb gutter_width=\u00bb2&#8243; padding_mobile=\u00bboff\u00bb allow_player_pause=\u00bboff\u00bb parallax=\u00bboff\u00bb parallax_method=\u00bbon\u00bb make_equal=\u00bboff\u00bb column_padding_mobile=\u00bbon\u00bb parallax_1=\u00bboff\u00bb parallax_method_1=\u00bbon\u00bb parallax_2=\u00bboff\u00bb parallax_method_2=\u00bbon\u00bb parallax_3=\u00bboff\u00bb parallax_method_3=\u00bbon\u00bb parallax_4=\u00bboff\u00bb parallax_method_4=\u00bbon\u00bb disabled=\u00bboff\u00bb][et_pb_column type=\u00bb4_4&#8243;][et_pb_text admin_label=\u00bbText\u00bb background_layout=\u00bblight\u00bb text_orientation=\u00bbleft\u00bb use_border_color=\u00bboff\u00bb border_style=\u00bbsolid\u00bb custom_margin=\u00bb-120px|||\u00bb custom_padding=\u00bb20px|20px|20px|20px\u00bb disabled=\u00bboff\u00bb border_color=\u00bb#ffffff\u00bb]<\/p>\n<p>Aunque los tres productos de soldadura en fr\u00edo para PVC est\u00e1n fabricados con los mismos componentes, presentan diferentes concentraciones, ofreciendo una consistencia desde viscosa (<a href=\"https:\/\/www.mueller-pvc-naht.de\/es\/productos\/tipo-a\/\">TIPO A)<\/a> hasta pastosa (<a href=\"https:\/\/www.mueller-pvc-naht.de\/es\/productos\/tipo-t\/\">TIPO T<\/a>, <a href=\"https:\/\/www.mueller-pvc-naht.de\/es\/productos\/tipo-c\/\">TIPO C<\/a>).<\/p>\n<p>[\/et_pb_text][\/et_pb_column][\/et_pb_row][\/et_pb_section]<\/p>\n","protected":false},"excerpt":{"rendered":"<p>El sistema de soldadura en fr\u00edo de PVC de Werner M\u00fcller Pr\u00e1ctico | Resistente al agua | Duradero Los productos de la firma Werner M\u00fcller destacan por su poder de innovaci\u00f3n, su alta fiabilidad y sus m\u00faltiples posibilidades de uso. El sistema de soldadura en fr\u00edo est\u00e1 adaptado a la respectiva finalidad de uso y [&hellip;]<\/p>\n","protected":false},"author":1,"featured_media":0,"parent":118,"menu_order":1,"comment_status":"closed","ping_status":"closed","template":"","meta":{"_et_pb_use_builder":"on","_et_pb_old_content":"","_et_gb_content_width":"","footnotes":""},"class_list":["post-25767","page","type-page","status-publish","hentry"],"_links":{"self":[{"href":"https:\/\/www.mueller-pvc-naht.de\/es\/wp-json\/wp\/v2\/pages\/25767","targetHints":{"allow":["GET"]}}],"collection":[{"href":"https:\/\/www.mueller-pvc-naht.de\/es\/wp-json\/wp\/v2\/pages"}],"about":[{"href":"https:\/\/www.mueller-pvc-naht.de\/es\/wp-json\/wp\/v2\/types\/page"}],"author":[{"embeddable":true,"href":"https:\/\/www.mueller-pvc-naht.de\/es\/wp-json\/wp\/v2\/users\/1"}],"replies":[{"embeddable":true,"href":"https:\/\/www.mueller-pvc-naht.de\/es\/wp-json\/wp\/v2\/comments?post=25767"}],"version-history":[{"count":47,"href":"https:\/\/www.mueller-pvc-naht.de\/es\/wp-json\/wp\/v2\/pages\/25767\/revisions"}],"predecessor-version":[{"id":26060,"href":"https:\/\/www.mueller-pvc-naht.de\/es\/wp-json\/wp\/v2\/pages\/25767\/revisions\/26060"}],"up":[{"embeddable":true,"href":"https:\/\/www.mueller-pvc-naht.de\/es\/wp-json\/wp\/v2\/pages\/118"}],"wp:attachment":[{"href":"https:\/\/www.mueller-pvc-naht.de\/es\/wp-json\/wp\/v2\/media?parent=25767"}],"curies":[{"name":"wp","href":"https:\/\/api.w.org\/{rel}","templated":true}]}}