{"id":25771,"date":"2016-09-07T15:39:40","date_gmt":"2016-09-07T13:39:40","guid":{"rendered":"http:\/\/www.mueller-pvc-naht.de\/?page_id=25771"},"modified":"2021-03-25T23:20:03","modified_gmt":"2021-03-25T22:20:03","slug":"historia","status":"publish","type":"page","link":"https:\/\/www.mueller-pvc-naht.de\/es\/empresa\/historia\/","title":{"rendered":"Historia"},"content":{"rendered":"<p>[et_pb_section fb_built=\u00bb1&#8243; admin_label=\u00bbsection\u00bb _builder_version=\u00bb3.22.3&#8243;][et_pb_row column_structure=\u00bb3_4,1_4&#8243; admin_label=\u00bbrow\u00bb _builder_version=\u00bb3.25&#8243; background_size=\u00bbinitial\u00bb background_position=\u00bbtop_left\u00bb background_repeat=\u00bbrepeat\u00bb][et_pb_column type=\u00bb3_4&#8243; _builder_version=\u00bb3.25&#8243; custom_padding=\u00bb|||\u00bb custom_padding__hover=\u00bb|||\u00bb][et_pb_text admin_label=\u00bbText\u00bb _builder_version=\u00bb3.0.87&#8243; background_size=\u00bbinitial\u00bb background_position=\u00bbtop_left\u00bb background_repeat=\u00bbrepeat\u00bb use_border_color=\u00bboff\u00bb border_color=\u00bb#ffffff\u00bb border_style=\u00bbsolid\u00bb]<\/p>\n<h1>De la pr\u00e1ctica, para la pr\u00e1ctica<\/h1>\n<h3>Ninguna laguna.<br \/>\nNi en las juntas \u2013 ni en las expectativas del cliente<\/h3>\n<p>&nbsp;<\/p>\n<p>Lo que comenz\u00f3 con entusiasmo y esp\u00edritu innovador en el taller familiar ha acabado convirti\u00e9ndose en sin\u00f3nimo de calidad a nivel mundial.<br \/>\nEl sistema de soldadura en fr\u00edo de Werner M\u00fcller se caracteriza por un manejo sencillo y pr\u00e1ctico.<\/p>\n<p>En los \u00faltimos 40 a\u00f1os, la empresa ha ido creciendo y expandi\u00e9ndose continuamente a nivel internacional.<br \/>\n[\/et_pb_text][\/et_pb_column][et_pb_column type=\u00bb1_4&#8243; _builder_version=\u00bb3.25&#8243; custom_padding=\u00bb|||\u00bb custom_padding__hover=\u00bb|||\u00bb][et_pb_image src=\u00bbhttps:\/\/www.mueller-pvc-naht.de\/wp-content\/uploads\/sites\/10\/Nadel_Titel_1.jpg\u00bb admin_label=\u00bbImage\u00bb _builder_version=\u00bb3.23&#8243; animation_style=\u00bbfade\u00bb animation_duration=\u00bb500ms\u00bb use_border_color=\u00bboff\u00bb border_color=\u00bb#ffffff\u00bb border_style=\u00bbsolid\u00bb animation=\u00bbfade_in\u00bb sticky=\u00bboff\u00bb always_center_on_mobile=\u00bboff\u00bb] [\/et_pb_image][\/et_pb_column][\/et_pb_row][et_pb_row padding_mobile=\u00bboff\u00bb column_padding_mobile=\u00bbon\u00bb admin_label=\u00bbRow\u00bb _builder_version=\u00bb3.25&#8243; background_size=\u00bbinitial\u00bb background_position=\u00bbtop_left\u00bb background_repeat=\u00bbrepeat\u00bb make_fullwidth=\u00bboff\u00bb use_custom_width=\u00bboff\u00bb width_unit=\u00bbon\u00bb][et_pb_column type=\u00bb4_4&#8243; _builder_version=\u00bb3.25&#8243; custom_padding=\u00bb|||\u00bb custom_padding__hover=\u00bb|||\u00bb][et_pb_divider color=\u00bb#ee7800&#8243; divider_style=\u00bbridge\u00bb disabled_on=\u00bbon|on|off\u00bb admin_label=\u00bbDivider\u00bb _builder_version=\u00bb3.2&#8243; hide_on_mobile=\u00bbon\u00bb] [\/et_pb_divider][\/et_pb_column][\/et_pb_row][et_pb_row column_structure=\u00bb2_3,1_3&#8243; admin_label=\u00bbrow\u00bb _builder_version=\u00bb3.25&#8243; background_size=\u00bbinitial\u00bb background_position=\u00bbtop_left\u00bb background_repeat=\u00bbrepeat\u00bb][et_pb_column type=\u00bb2_3&#8243; _builder_version=\u00bb3.25&#8243; custom_padding=\u00bb|||\u00bb custom_padding__hover=\u00bb|||\u00bb][et_pb_text admin_label=\u00bbText\u00bb _builder_version=\u00bb3.0.87&#8243; background_size=\u00bbinitial\u00bb background_position=\u00bbtop_left\u00bb background_repeat=\u00bbrepeat\u00bb use_border_color=\u00bboff\u00bb border_color=\u00bb#ffffff\u00bb border_style=\u00bbsolid\u00bb]<\/p>\n<h1>Historia<\/h1>\n<h3><span style=\"color: #ee7800;\">1976<\/span><\/h3>\n<p><strong>Werner M\u00fcller<\/strong> (\u2020 2000) funda la empresa en Beindersheim, dedic\u00e1ndose por aquel entonces a la tecnolog\u00eda de aplicaciones de Pegulan Frankenthal (hoy Tarkett).<\/p>\n<p>Werner M\u00fcller, como ingeniero de aplicaciones en Pegulan, realiz\u00f3 adem\u00e1s trabajos colocaci\u00f3n de revestimientos de suelos de PVC. Para ello, desarroll\u00f3 un sistema pr\u00e1ctico y de manejo sencillo para la soldadura en fr\u00edo de costuras en revestimientos de CV.<\/p>\n<p><strong>El 1 de abril de 1976<\/strong>, Werner M\u00fcller patent\u00f3 con \u00e9xito su invenci\u00f3n en la Oficina alemana de patentes.<br \/>\n[\/et_pb_text][\/et_pb_column][et_pb_column type=\u00bb1_3&#8243; _builder_version=\u00bb3.25&#8243; custom_padding=\u00bb|||\u00bb custom_padding__hover=\u00bb|||\u00bb][et_pb_image src=\u00bbhttps:\/\/www.mueller-pvc-naht.de\/wp-content\/uploads\/sites\/10\/01_1_WernerMueller.jpg\u00bb align=\u00bbright\u00bb admin_label=\u00bbImage\u00bb _builder_version=\u00bb3.23&#8243; animation_style=\u00bbfade\u00bb animation_duration=\u00bb500ms\u00bb use_border_color=\u00bboff\u00bb border_color=\u00bb#ffffff\u00bb border_style=\u00bbsolid\u00bb animation=\u00bbfade_in\u00bb sticky=\u00bboff\u00bb always_center_on_mobile=\u00bboff\u00bb] [\/et_pb_image][et_pb_text admin_label=\u00bbText\u00bb _builder_version=\u00bb3.0.87&#8243; background_size=\u00bbinitial\u00bb background_position=\u00bbtop_left\u00bb background_repeat=\u00bbrepeat\u00bb text_orientation=\u00bbright\u00bb use_border_color=\u00bboff\u00bb border_color=\u00bb#ffffff\u00bb border_style=\u00bbsolid\u00bb] Werner M\u00fcller (\u2020 2000) [\/et_pb_text][\/et_pb_column][\/et_pb_row][et_pb_row column_structure=\u00bb2_3,1_3&#8243; admin_label=\u00bbrow\u00bb _builder_version=\u00bb3.25&#8243; background_size=\u00bbinitial\u00bb background_position=\u00bbtop_left\u00bb background_repeat=\u00bbrepeat\u00bb][et_pb_column type=\u00bb2_3&#8243; _builder_version=\u00bb3.25&#8243; custom_padding=\u00bb|||\u00bb custom_padding__hover=\u00bb|||\u00bb][et_pb_text admin_label=\u00bbText\u00bb _builder_version=\u00bb3.0.87&#8243; background_size=\u00bbinitial\u00bb background_position=\u00bbtop_left\u00bb background_repeat=\u00bbrepeat\u00bb use_border_color=\u00bboff\u00bb border_color=\u00bb#ffffff\u00bb border_style=\u00bbsolid\u00bb]<\/p>\n<h3><span style=\"color: #ee7800;\">Actualmente<\/span><\/h3>\n<p>La t\u00e9cnica de soldadura en fr\u00edo de PVC de Werner M\u00fcller se ha convertido en una de las marcas m\u00e1s conocidas con una elevada calidad en m\u00e1s de <strong>30 pa\u00edses<\/strong> de <strong>4 continentes<\/strong>.<\/p>\n<p>&nbsp;<\/p>\n<p>&nbsp;<\/p>\n<p>[\/et_pb_text][\/et_pb_column][et_pb_column type=\u00bb1_3&#8243; _builder_version=\u00bb3.25&#8243; custom_padding=\u00bb|||\u00bb custom_padding__hover=\u00bb|||\u00bb][et_pb_image src=\u00bbhttps:\/\/www.mueller-pvc-naht.de\/es\/wp-content\/uploads\/sites\/10\/wm_45_en.png\u00bb align=\u00bbright\u00bb admin_label=\u00bbImage\u00bb _builder_version=\u00bb3.25.2&#8243; max_width=\u00bb150px\u00bb animation_style=\u00bbfade\u00bb animation_duration=\u00bb500ms\u00bb use_border_color=\u00bboff\u00bb border_color=\u00bb#ffffff\u00bb border_style=\u00bbsolid\u00bb animation=\u00bbfade_in\u00bb sticky=\u00bboff\u00bb always_center_on_mobile=\u00bboff\u00bb] [\/et_pb_image][\/et_pb_column][\/et_pb_row][\/et_pb_section]<\/p>\n","protected":false},"excerpt":{"rendered":"<p>De la pr\u00e1ctica, para la pr\u00e1ctica Ninguna laguna. Ni en las juntas \u2013 ni en las expectativas del cliente &nbsp; Lo que comenz\u00f3 con entusiasmo y esp\u00edritu innovador en el taller familiar ha acabado convirti\u00e9ndose en sin\u00f3nimo de calidad a nivel mundial. El sistema de soldadura en fr\u00edo de Werner M\u00fcller se caracteriza por un [&hellip;]<\/p>\n","protected":false},"author":1,"featured_media":0,"parent":6,"menu_order":2,"comment_status":"closed","ping_status":"closed","template":"","meta":{"_et_pb_use_builder":"on","_et_pb_old_content":"<b>\"Nichts bleibt offen\u2026\r\nweder Fugen noch Kundenw\u00fcnsche\"<\/b>\r\n\r\ngetreu der Philosophie unseres Unternehmens.\r\n\r\nUnsere geschulten Mitarbeiter stehen Ihnen\r\nstets kompetent mit Rat und Tat zur Seite.\r\n\r\nDie Kaltschwei\u00dftechnik <b>\u201eSystem Werner M\u00fcller\"<\/b>\r\n\r\nzeichnet sich durch besonders kundennahen Service aus\r\nund ist inzwischen auf vier Kontinenten zu einem anerkannten Markenartikel geworden.","_et_gb_content_width":"","footnotes":""},"class_list":["post-25771","page","type-page","status-publish","hentry"],"_links":{"self":[{"href":"https:\/\/www.mueller-pvc-naht.de\/es\/wp-json\/wp\/v2\/pages\/25771","targetHints":{"allow":["GET"]}}],"collection":[{"href":"https:\/\/www.mueller-pvc-naht.de\/es\/wp-json\/wp\/v2\/pages"}],"about":[{"href":"https:\/\/www.mueller-pvc-naht.de\/es\/wp-json\/wp\/v2\/types\/page"}],"author":[{"embeddable":true,"href":"https:\/\/www.mueller-pvc-naht.de\/es\/wp-json\/wp\/v2\/users\/1"}],"replies":[{"embeddable":true,"href":"https:\/\/www.mueller-pvc-naht.de\/es\/wp-json\/wp\/v2\/comments?post=25771"}],"version-history":[{"count":14,"href":"https:\/\/www.mueller-pvc-naht.de\/es\/wp-json\/wp\/v2\/pages\/25771\/revisions"}],"predecessor-version":[{"id":26182,"href":"https:\/\/www.mueller-pvc-naht.de\/es\/wp-json\/wp\/v2\/pages\/25771\/revisions\/26182"}],"up":[{"embeddable":true,"href":"https:\/\/www.mueller-pvc-naht.de\/es\/wp-json\/wp\/v2\/pages\/6"}],"wp:attachment":[{"href":"https:\/\/www.mueller-pvc-naht.de\/es\/wp-json\/wp\/v2\/media?parent=25771"}],"curies":[{"name":"wp","href":"https:\/\/api.w.org\/{rel}","templated":true}]}}