{"id":46,"date":"2016-01-05T16:50:17","date_gmt":"2016-01-05T15:50:17","guid":{"rendered":"http:\/\/www.mueller-pvc-naht.de\/?page_id=46"},"modified":"2024-06-04T16:15:30","modified_gmt":"2024-06-04T14:15:30","slug":"descargas","status":"publish","type":"page","link":"https:\/\/www.mueller-pvc-naht.de\/es\/descargas\/","title":{"rendered":"Descargas"},"content":{"rendered":"<p>[et_pb_section fb_built=\u00bb1&#8243; custom_padding_last_edited=\u00bbon|desktop\u00bb _builder_version=\u00bb4.16&#8243; custom_padding_tablet=\u00bb50px|0|50px|0&#8243; custom_padding_phone=\u00bb\u00bb transparent_background=\u00bboff\u00bb padding_mobile=\u00bboff\u00bb make_fullwidth=\u00bboff\u00bb use_custom_width=\u00bboff\u00bb width_unit=\u00bboff\u00bb custom_width_px=\u00bb1080px\u00bb custom_width_percent=\u00bb80%\u00bb global_colors_info=\u00bb{}\u00bb da_is_popup=\u00bboff\u00bb da_exit_intent=\u00bboff\u00bb da_has_close=\u00bbon\u00bb da_alt_close=\u00bboff\u00bb da_dark_close=\u00bboff\u00bb da_not_modal=\u00bbon\u00bb da_is_singular=\u00bboff\u00bb da_with_loader=\u00bboff\u00bb da_has_shadow=\u00bbon\u00bb da_disable_devices=\u00bboff|off|off\u00bb][et_pb_row padding_mobile=\u00bboff\u00bb column_padding_mobile=\u00bbon\u00bb _builder_version=\u00bb4.16&#8243; background_size=\u00bbinitial\u00bb background_position=\u00bbtop_left\u00bb background_repeat=\u00bbrepeat\u00bb make_fullwidth=\u00bboff\u00bb use_custom_width=\u00bboff\u00bb width_unit=\u00bboff\u00bb custom_width_px=\u00bb1080px\u00bb custom_width_percent=\u00bb80%\u00bb global_colors_info=\u00bb{}\u00bb][et_pb_column type=\u00bb4_4&#8243; _builder_version=\u00bb4.16&#8243; custom_padding=\u00bb|||\u00bb global_colors_info=\u00bb{}\u00bb custom_padding__hover=\u00bb|||\u00bb][et_pb_text _builder_version=\u00bb4.16&#8243; background_size=\u00bbinitial\u00bb background_position=\u00bbtop_left\u00bb background_repeat=\u00bbrepeat\u00bb use_border_color=\u00bboff\u00bb border_color=\u00bb#ffffff\u00bb border_style=\u00bbsolid\u00bb global_colors_info=\u00bb{}\u00bb]<\/p>\n<h1>Descargas<\/h1>\n<p>[\/et_pb_text][\/et_pb_column][\/et_pb_row][et_pb_row column_structure=\u00bb1_3,1_3,1_3&#8243; padding_mobile=\u00bboff\u00bb column_padding_mobile=\u00bbon\u00bb _builder_version=\u00bb4.16&#8243; background_size=\u00bbinitial\u00bb background_position=\u00bbtop_left\u00bb background_repeat=\u00bbrepeat\u00bb make_fullwidth=\u00bboff\u00bb use_custom_width=\u00bboff\u00bb width_unit=\u00bbon\u00bb custom_width_px=\u00bb1080px\u00bb custom_width_percent=\u00bb80%\u00bb global_colors_info=\u00bb{}\u00bb][et_pb_column type=\u00bb1_3&#8243; _builder_version=\u00bb4.16&#8243; custom_padding=\u00bb|||\u00bb global_colors_info=\u00bb{}\u00bb custom_padding__hover=\u00bb|||\u00bb][et_pb_text _builder_version=\u00bb4.16&#8243; background_size=\u00bbinitial\u00bb background_position=\u00bbtop_left\u00bb background_repeat=\u00bbrepeat\u00bb use_border_color=\u00bboff\u00bb global_colors_info=\u00bb{}\u00bb]<\/p>\n<h3><span style=\"color: #ee7800;\">Informaci\u00f3n<br \/>\nsobre el producto<\/span><\/h3>\n<p>[\/et_pb_text][et_pb_image src=\u00bbhttps:\/\/www.mueller-pvc-naht.de\/wp-content\/uploads\/sites\/10\/product_infos.jpg\u00bb align_tablet=\u00bbcenter\u00bb align_phone=\u00bb\u00bb align_last_edited=\u00bbon|desktop\u00bb _builder_version=\u00bb4.16&#8243; animation_style=\u00bbfade\u00bb animation_duration=\u00bb500ms\u00bb use_border_color=\u00bboff\u00bb border_color=\u00bb#ffffff\u00bb border_width=\u00bb1px\u00bb border_style=\u00bbsolid\u00bb sticky=\u00bboff\u00bb always_center_on_mobile=\u00bbon\u00bb global_colors_info=\u00bb{}\u00bb][\/et_pb_image][et_pb_toggle title=\u00bbFolleto del producto\u00bb open=\u00bbon\u00bb open_toggle_background_color=\u00bb#f4f4f4&#8243; admin_label=\u00bbProduktbrosch\u00fcre &#8211; Toggle\u00bb _builder_version=\u00bb4.16&#8243; title_font=\u00bb|on|||\u00bb background_size=\u00bbinitial\u00bb background_position=\u00bbtop_left\u00bb background_repeat=\u00bbrepeat\u00bb use_border_color=\u00bboff\u00bb border_color=\u00bb#ffffff\u00bb border_style=\u00bbsolid\u00bb global_colors_info=\u00bb{}\u00bb]<img loading=\"lazy\" decoding=\"async\" class=\"alignnone wp-image-25979\" src=\"https:\/\/www.mueller-pvc-naht.de\/en\/wp-content\/uploads\/sites\/6\/product_informations_A_T_C_en.jpg\" width=\"150\" height=\"212\" srcset=\"https:\/\/www.mueller-pvc-naht.de\/es\/wp-content\/uploads\/sites\/10\/product_informations_A_T_C_en.jpg 450w, https:\/\/www.mueller-pvc-naht.de\/es\/wp-content\/uploads\/sites\/10\/product_informations_A_T_C_en-212x300.jpg 212w\" sizes=\"(max-width: 150px) 100vw, 150px\" \/><\/p>\n<p><span id=\"result_box\" class=\"\" lang=\"en\"><span class=\"\">En nuestro folleto del producto encontrar\u00e1 informaci\u00f3n detallada del mismo.<\/span><\/span><\/p>\n<p><a href=\"..\/..\/download\/es\/Product_informations_Tipo_A_T_C.pdf\" target=\"_blank\" rel=\"noopener noreferrer\"><strong>Descargar<\/strong> (pdf, 4,3 MB)<\/a><br \/>\n[\/et_pb_toggle][\/et_pb_column][et_pb_column type=\u00bb1_3&#8243; _builder_version=\u00bb4.16&#8243; custom_padding=\u00bb|||\u00bb global_colors_info=\u00bb{}\u00bb custom_padding__hover=\u00bb|||\u00bb][et_pb_text _builder_version=\u00bb4.16&#8243; background_size=\u00bbinitial\u00bb background_position=\u00bbtop_left\u00bb background_repeat=\u00bbrepeat\u00bb use_border_color=\u00bboff\u00bb border_color=\u00bb#ffffff\u00bb border_style=\u00bbsolid\u00bb global_colors_info=\u00bb{}\u00bb]<\/p>\n<h3><span style=\"color: #ee7800;\">Indicaciones de manejo<\/span><\/h3>\n<p>&nbsp;<br \/>\n[\/et_pb_text][et_pb_image src=\u00bbhttps:\/\/www.mueller-pvc-naht.de\/wp-content\/uploads\/sites\/10\/product_instruction.jpg\u00bb align_tablet=\u00bbcenter\u00bb align_phone=\u00bb\u00bb align_last_edited=\u00bbon|desktop\u00bb _builder_version=\u00bb4.16&#8243; animation_style=\u00bbfade\u00bb animation_duration=\u00bb500ms\u00bb use_border_color=\u00bboff\u00bb border_color=\u00bb#ffffff\u00bb border_width=\u00bb1px\u00bb border_style=\u00bbsolid\u00bb sticky=\u00bboff\u00bb always_center_on_mobile=\u00bbon\u00bb global_colors_info=\u00bb{}\u00bb][\/et_pb_image][et_pb_toggle title=\u00bbInstrucciones de trabajo\u00bb open_toggle_background_color=\u00bb#f4f4f4&#8243; admin_label=\u00bbArbeitsanleitungen &#8211; Toggle\u00bb _builder_version=\u00bb4.16&#8243; title_font=\u00bb|on|||\u00bb background_size=\u00bbinitial\u00bb background_position=\u00bbtop_left\u00bb background_repeat=\u00bbrepeat\u00bb use_border_color=\u00bboff\u00bb border_color=\u00bb#ffffff\u00bb border_style=\u00bbsolid\u00bb global_colors_info=\u00bb{}\u00bb]<strong>TIPO A <\/strong>y<strong> TIPO C<br \/>\n<\/strong><\/p>\n<p><img loading=\"lazy\" decoding=\"async\" class=\"wp-image-25487 alignnone\" src=\"..\/..\/wp-content\/uploads\/sites\/6\/Arbeitsanleitung_A_C.jpg\" width=\"135\" height=\"87\" \/><\/p>\n<p><a href=\"..\/..\/download\/es\/Working_instruction_Tipo_A_C.pdf\" target=\"_blank\" rel=\"noopener noreferrer\"><strong>Descargar<\/strong> (pdf, 819 kb)<\/a><\/p>\n<hr \/>\n<p><strong>TIPO T<\/strong><\/p>\n<p><img loading=\"lazy\" decoding=\"async\" class=\"wp-image-25488 alignnone\" src=\"..\/..\/wp-content\/uploads\/sites\/6\/Arbeitsanleitung_T.jpg\" width=\"135\" height=\"91\" \/><\/p>\n<p><a href=\"..\/..\/download\/es\/Working_instruction_Tipo_T.pdf\" target=\"_blank\" rel=\"noopener noreferrer\"><strong>Descargar<\/strong> (pdf, 917 kb)<\/a><br \/>\n[\/et_pb_toggle][et_pb_toggle title=\u00bbV\u00eddeos del producto\u00bb open=\u00bbon\u00bb open_toggle_background_color=\u00bb#f4f4f4&#8243; admin_label=\u00bbProduktvideos &#8211; Toggle\u00bb _builder_version=\u00bb4.16&#8243; title_font=\u00bb|on|||\u00bb background_size=\u00bbinitial\u00bb background_position=\u00bbtop_left\u00bb background_repeat=\u00bbrepeat\u00bb use_border_color=\u00bboff\u00bb border_color=\u00bb#ffffff\u00bb border_style=\u00bbsolid\u00bb global_colors_info=\u00bb{}\u00bb]<strong>Visite nuestro canal de YouTube para ver los v\u00eddeos sobre la aplicaci\u00f3n del producto:<br \/>\n<\/strong><a href=\"https:\/\/www.youtube.com\/c\/Mueller-Pvc-NahtDe\" target=\"_blank\" rel=\"noopener noreferrer\">www.youtube.com\/c\/Mueller-Pvc-NahtDe<\/a><strong><br \/>\n<\/strong><\/p>\n<p><a href=\"https:\/\/www.youtube.com\/c\/Mueller-Pvc-NahtDe\" target=\"_blank\" rel=\"noopener noreferrer\"><img loading=\"lazy\" decoding=\"async\" class=\" wp-image-25546 alignnone\" src=\"..\/..\/wp-content\/uploads\/sites\/6\/Video_vorschau.jpg\" alt=\"Video_vorschau\" width=\"295\" height=\"189\" \/><\/a><\/p>\n<p><a href=\"https:\/\/www.youtube.com\/c\/Mueller-Pvc-NahtDe\" target=\"_blank\" rel=\"noopener noreferrer\"><img loading=\"lazy\" decoding=\"async\" class=\"alignleft wp-image-25424\" src=\"..\/..\/wp-content\/uploads\/sites\/6\/youtube_follow.png\" alt=\"youtube_follow\" width=\"172\" height=\"74\" \/><\/a><\/p>\n<p>&nbsp;<br \/>\n[\/et_pb_toggle][\/et_pb_column][et_pb_column type=\u00bb1_3&#8243; _builder_version=\u00bb4.16&#8243; custom_padding=\u00bb|||\u00bb global_colors_info=\u00bb{}\u00bb custom_padding__hover=\u00bb|||\u00bb][et_pb_text _builder_version=\u00bb4.16&#8243; background_size=\u00bbinitial\u00bb background_position=\u00bbtop_left\u00bb background_repeat=\u00bbrepeat\u00bb use_border_color=\u00bboff\u00bb global_colors_info=\u00bb{}\u00bb]<\/p>\n<h3><span style=\"color: #ef7800;\">Exposici\u00f3n \/ Medidas de protecci\u00f3n<\/span><\/h3>\n<p>[\/et_pb_text][et_pb_image src=\u00bbhttps:\/\/www.mueller-pvc-naht.de\/wp-content\/uploads\/sites\/10\/safety_first_o.jpg\u00bb align_tablet=\u00bbcenter\u00bb align_phone=\u00bb\u00bb align_last_edited=\u00bbon|desktop\u00bb _builder_version=\u00bb4.16&#8243; animation_style=\u00bbfade\u00bb animation_duration=\u00bb500ms\u00bb use_border_color=\u00bboff\u00bb border_color=\u00bb#ffffff\u00bb border_width=\u00bb1px\u00bb border_style=\u00bbsolid\u00bb sticky=\u00bboff\u00bb always_center_on_mobile=\u00bbon\u00bb global_colors_info=\u00bb{}\u00bb][\/et_pb_image][et_pb_toggle title=\u00bbValoraci\u00f3n del riesgo\u00bb open=\u00bbon\u00bb open_toggle_background_color=\u00bb#f4f4f4&#8243; admin_label=\u00bbGef\u00e4hrungsbeurteilung &#8211; Toggle\u00bb _builder_version=\u00bb4.16&#8243; title_font=\u00bb|on|||\u00bb background_size=\u00bbinitial\u00bb background_position=\u00bbtop_left\u00bb background_repeat=\u00bbrepeat\u00bb use_border_color=\u00bboff\u00bb border_color=\u00bb#ffffff\u00bb border_style=\u00bbsolid\u00bb global_colors_info=\u00bb{}\u00bb]<\/p>\n<p><strong><span class=\"dguv_DocumentDetails_Content_SubTitle\">Informaci\u00f3n-DGUV\u00a0<br \/><\/span><\/strong><strong><span id=\"ctl00_ContentPlaceHolderMaster_Label401\" class=\"dguv_DocumentDetails_Content_SubTitle\">213-719 \u2013 april 2020<\/span><\/strong><\/p>\n<p><strong><span id=\"ctl00_ContentPlaceHolderMaster_Label401\" class=\"dguv_DocumentDetails_Content_SubTitle\"><\/span><\/strong><\/p>\n<p><img loading=\"lazy\" decoding=\"async\" src=\"https:\/\/www.mueller-pvc-naht.de\/en\/wp-content\/uploads\/sites\/6\/Dguv_213-719.jpg\" width=\"85\" height=\"121\" alt=\"\" class=\"wp-image-26100 alignleft size-full\" \/><\/p>\n<p>&nbsp;<\/p>\n<p>&nbsp;<\/p>\n<p>&nbsp;<\/p>\n<p><span><br \/>Recomendaciones para la valoraci\u00f3n del riesgo conforme al Decreto sobre sustancias peligrosas:<\/span><\/p>\n<p>Aplicaci\u00f3n de soldadura l\u00edquida en fr\u00edo para revestimientos de suelos de PVC<\/p>\n<p><a href=\"http:\/\/www.mueller-pvc-naht.de\/download\/en\/dguv_213-719_April_2020_WM_en.pdf\" target=\"_blank\" rel=\"noopener noreferrer\"><strong>Download<\/strong> (pdf \u2013 ingl\u00e9s, 234KB)<\/a><\/p>\n<p>[\/et_pb_toggle][et_pb_text _builder_version=\u00bb4.16&#8243; background_size=\u00bbinitial\u00bb background_position=\u00bbtop_left\u00bb background_repeat=\u00bbrepeat\u00bb use_border_color=\u00bboff\u00bb border_style=\u00bbsolid\u00bb global_colors_info=\u00bb{}\u00bb]<\/p>\n<h3><span style=\"color: #ee7800;\">\u00a0<\/span><\/h3>\n<p>[\/et_pb_text][\/et_pb_column][\/et_pb_row][et_pb_row _builder_version=\u00bb4.24.3&#8243; _module_preset=\u00bbdefault\u00bb column_structure=\u00bb1_3,1_3,1_3&#8243;][et_pb_column _builder_version=\u00bb4.24.3&#8243; _module_preset=\u00bbdefault\u00bb type=\u00bb1_3&#8243;][\/et_pb_column][et_pb_column _builder_version=\u00bb4.24.3&#8243; _module_preset=\u00bbdefault\u00bb type=\u00bb1_3&#8243;][et_pb_toggle title=\u00bbGeneral Terms and Conditions of Business\u00bb open_toggle_background_color=\u00bb#f4f4f4&#8243; admin_label=\u00bbArbeitsanleitungen &#8211; Toggle\u00bb _builder_version=\u00bb4.16&#8243; title_font=\u00bb|on|||\u00bb background_size=\u00bbinitial\u00bb background_position=\u00bbtop_left\u00bb background_repeat=\u00bbrepeat\u00bb use_border_color=\u00bboff\u00bb border_color=\u00bb#ffffff\u00bb border_width=\u00bb1px\u00bb border_style=\u00bbsolid\u00bb global_colors_info=\u00bb%91%93&#8243; global_module=\u00bb26201&#8243; theme_builder_area=\u00bbpost_content\u00bb]<\/p>\n<p><strong>\u00a0<\/strong><a href=\"https:\/\/www.mueller-pvc-naht.de\/en\/wp-content\/uploads\/sites\/6\/AGBs-englisch-Stand-07-21.pdf\" target=\"_blank\" rel=\"noopener noreferrer\"><strong>Download<\/strong> (pdf)<\/a><\/p>\n<p>[\/et_pb_toggle][\/et_pb_column][et_pb_column _builder_version=\u00bb4.24.3&#8243; _module_preset=\u00bbdefault\u00bb type=\u00bb1_3&#8243;][\/et_pb_column][\/et_pb_row][\/et_pb_section]<\/p>\n","protected":false},"excerpt":{"rendered":"<p>Descargas Informaci\u00f3n sobre el producto En nuestro folleto del producto encontrar\u00e1 informaci\u00f3n detallada del mismo. Descargar (pdf, 4,3 MB) Indicaciones de manejo &nbsp; TIPO A y TIPO C Descargar (pdf, 819 kb) TIPO T Descargar (pdf, 917 kb) Visite nuestro canal de YouTube para ver los v\u00eddeos sobre la aplicaci\u00f3n del producto: www.youtube.com\/c\/Mueller-Pvc-NahtDe &nbsp; Exposici\u00f3n [&hellip;]<\/p>\n","protected":false},"author":1,"featured_media":0,"parent":0,"menu_order":3,"comment_status":"closed","ping_status":"closed","template":"","meta":{"_et_pb_use_builder":"on","_et_pb_old_content":"","_et_gb_content_width":"","footnotes":""},"class_list":["post-46","page","type-page","status-publish","hentry"],"_links":{"self":[{"href":"https:\/\/www.mueller-pvc-naht.de\/es\/wp-json\/wp\/v2\/pages\/46","targetHints":{"allow":["GET"]}}],"collection":[{"href":"https:\/\/www.mueller-pvc-naht.de\/es\/wp-json\/wp\/v2\/pages"}],"about":[{"href":"https:\/\/www.mueller-pvc-naht.de\/es\/wp-json\/wp\/v2\/types\/page"}],"author":[{"embeddable":true,"href":"https:\/\/www.mueller-pvc-naht.de\/es\/wp-json\/wp\/v2\/users\/1"}],"replies":[{"embeddable":true,"href":"https:\/\/www.mueller-pvc-naht.de\/es\/wp-json\/wp\/v2\/comments?post=46"}],"version-history":[{"count":147,"href":"https:\/\/www.mueller-pvc-naht.de\/es\/wp-json\/wp\/v2\/pages\/46\/revisions"}],"predecessor-version":[{"id":26202,"href":"https:\/\/www.mueller-pvc-naht.de\/es\/wp-json\/wp\/v2\/pages\/46\/revisions\/26202"}],"wp:attachment":[{"href":"https:\/\/www.mueller-pvc-naht.de\/es\/wp-json\/wp\/v2\/media?parent=46"}],"curies":[{"name":"wp","href":"https:\/\/api.w.org\/{rel}","templated":true}]}}