{"id":156,"date":"2016-01-25T13:28:14","date_gmt":"2016-01-25T12:28:14","guid":{"rendered":"http:\/\/www.mueller-pvc-naht.de\/?page_id=156"},"modified":"2021-03-25T23:17:56","modified_gmt":"2021-03-25T22:17:56","slug":"contact","status":"publish","type":"page","link":"https:\/\/www.mueller-pvc-naht.de\/fr\/contact\/","title":{"rendered":"Contact"},"content":{"rendered":"<p>[et_pb_section fb_built=\u00a0\u00bb1&Prime; admin_label=\u00a0\u00bbsection\u00a0\u00bb _builder_version=\u00a0\u00bb3.22.3&Prime;][et_pb_row admin_label=\u00a0\u00bbRow\u00a0\u00bb _builder_version=\u00a0\u00bb3.25&Prime; background_size=\u00a0\u00bbinitial\u00a0\u00bb background_position=\u00a0\u00bbtop_left\u00a0\u00bb background_repeat=\u00a0\u00bbrepeat\u00a0\u00bb][et_pb_column type=\u00a0\u00bb4_4&Prime; _builder_version=\u00a0\u00bb3.25.2&Prime;][et_pb_text _builder_version=\u00a0\u00bb3.25.2&Prime;]<\/p>\n<h1 class=\"et_pb_contact_main_title et-fb-editable-element et-fb-editable-element__editing\" data-shortcode-id=\"0.1.0.0-1616710618224\" data-quickaccess-id=\"title\" contenteditable=\"true\">Contact<\/h1>\n<p>[\/et_pb_text][\/et_pb_column][\/et_pb_row][et_pb_row column_structure=\u00a0\u00bb2_3,1_3&Prime; admin_label=\u00a0\u00bbrow\u00a0\u00bb _builder_version=\u00a0\u00bb3.25&Prime; background_size=\u00a0\u00bbinitial\u00a0\u00bb background_position=\u00a0\u00bbtop_left\u00a0\u00bb background_repeat=\u00a0\u00bbrepeat\u00a0\u00bb][et_pb_column type=\u00a0\u00bb2_3&Prime; _builder_version=\u00a0\u00bb3.25&Prime; custom_padding=\u00a0\u00bb|||\u00a0\u00bb custom_padding__hover=\u00a0\u00bb|||\u00a0\u00bb][et_pb_text _builder_version=\u00a0\u00bb3.0.92&Prime; background_size=\u00a0\u00bbinitial\u00a0\u00bb background_position=\u00a0\u00bbtop_left\u00a0\u00bb background_repeat=\u00a0\u00bbrepeat\u00a0\u00bb use_border_color=\u00a0\u00bboff\u00a0\u00bb]<strong><img loading=\"lazy\" decoding=\"async\" class=\"alignnone wp-image-5\" src=\"https:\/\/www.mueller-pvc-naht.de\/wp-content\/uploads\/sites\/11\/2016\/01\/WM_Logo_sw_klein-300x70.png\" alt=\"WM_Logo_sw_klein\" width=\"189\" height=\"39\" \/><\/strong><\/p>\n<p><strong>Werner M\u00fcller GmbH<\/strong><br \/>\n<strong>Technique de soudure \u00e0 froid pour PVC<\/strong><\/p>\n<p>Rudolf-Diesel-Stra\u00dfe 7<br \/>\n67227 Frankenthal, Germany<\/p>\n<p><strong>T\u00e9l. :<\/strong> +49-(0) 62 33-37 93-0<br \/>\n<strong>Fax :<\/strong> +49-(0) 62 33-37 93-20<\/p>\n<p><strong>E-mail :<\/strong> <a href=\"mailto:info@mueller-pvc-naht.de\">info@mueller-pvc-naht.de<\/a><br \/>\n[\/et_pb_text][\/et_pb_column][et_pb_column type=\u00a0\u00bb1_3&Prime; _builder_version=\u00a0\u00bb3.25&Prime; custom_padding=\u00a0\u00bb|||\u00a0\u00bb custom_padding__hover=\u00a0\u00bb|||\u00a0\u00bb][\/et_pb_column][\/et_pb_row][\/et_pb_section]<\/p>\n","protected":false},"excerpt":{"rendered":"<p>Contact Werner M\u00fcller GmbH Technique de soudure \u00e0 froid pour PVC Rudolf-Diesel-Stra\u00dfe 7 67227 Frankenthal, Germany T\u00e9l. : +49-(0) 62 33-37 93-0 Fax : +49-(0) 62 33-37 93-20 E-mail : info@mueller-pvc-naht.de<\/p>\n","protected":false},"author":1,"featured_media":0,"parent":0,"menu_order":4,"comment_status":"closed","ping_status":"closed","template":"","meta":{"_et_pb_use_builder":"on","_et_pb_old_content":"","_et_gb_content_width":"","footnotes":""},"class_list":["post-156","page","type-page","status-publish","hentry"],"_links":{"self":[{"href":"https:\/\/www.mueller-pvc-naht.de\/fr\/wp-json\/wp\/v2\/pages\/156","targetHints":{"allow":["GET"]}}],"collection":[{"href":"https:\/\/www.mueller-pvc-naht.de\/fr\/wp-json\/wp\/v2\/pages"}],"about":[{"href":"https:\/\/www.mueller-pvc-naht.de\/fr\/wp-json\/wp\/v2\/types\/page"}],"author":[{"embeddable":true,"href":"https:\/\/www.mueller-pvc-naht.de\/fr\/wp-json\/wp\/v2\/users\/1"}],"replies":[{"embeddable":true,"href":"https:\/\/www.mueller-pvc-naht.de\/fr\/wp-json\/wp\/v2\/comments?post=156"}],"version-history":[{"count":35,"href":"https:\/\/www.mueller-pvc-naht.de\/fr\/wp-json\/wp\/v2\/pages\/156\/revisions"}],"predecessor-version":[{"id":26204,"href":"https:\/\/www.mueller-pvc-naht.de\/fr\/wp-json\/wp\/v2\/pages\/156\/revisions\/26204"}],"wp:attachment":[{"href":"https:\/\/www.mueller-pvc-naht.de\/fr\/wp-json\/wp\/v2\/media?parent=156"}],"curies":[{"name":"wp","href":"https:\/\/api.w.org\/{rel}","templated":true}]}}