{"id":25771,"date":"2016-09-07T15:39:40","date_gmt":"2016-09-07T13:39:40","guid":{"rendered":"http:\/\/www.mueller-pvc-naht.de\/?page_id=25771"},"modified":"2021-03-25T23:23:05","modified_gmt":"2021-03-25T22:23:05","slug":"historique","status":"publish","type":"page","link":"https:\/\/www.mueller-pvc-naht.de\/fr\/entreprise\/historique\/","title":{"rendered":"Historique"},"content":{"rendered":"<p>[et_pb_section fb_built=\u00a0\u00bb1&Prime; admin_label=\u00a0\u00bbsection\u00a0\u00bb _builder_version=\u00a0\u00bb3.22.3&Prime;][et_pb_row column_structure=\u00a0\u00bb3_4,1_4&Prime; admin_label=\u00a0\u00bbrow\u00a0\u00bb _builder_version=\u00a0\u00bb3.25&Prime; background_size=\u00a0\u00bbinitial\u00a0\u00bb background_position=\u00a0\u00bbtop_left\u00a0\u00bb background_repeat=\u00a0\u00bbrepeat\u00a0\u00bb][et_pb_column type=\u00a0\u00bb3_4&Prime; _builder_version=\u00a0\u00bb3.25&Prime; custom_padding=\u00a0\u00bb|||\u00a0\u00bb custom_padding__hover=\u00a0\u00bb|||\u00a0\u00bb][et_pb_text _builder_version=\u00a0\u00bb3.0.92&Prime; background_size=\u00a0\u00bbinitial\u00a0\u00bb background_position=\u00a0\u00bbtop_left\u00a0\u00bb background_repeat=\u00a0\u00bbrepeat\u00a0\u00bb use_border_color=\u00a0\u00bboff\u00a0\u00bb]<\/p>\n<h1>De la pratique \u2013 pour la pratique<\/h1>\n<h3>Rien ne reste ouvert. <br \/>Ni les joints \u2013 ni les souhaits de nos clients.<br \/>\n<\/h3>\n<p>Ce qui a commenc\u00e9 par un bricolage passionn\u00e9 dans un atelier priv\u00e9 est aujourd&rsquo;hui synonyme de qualit\u00e9 dans le monde entier. Le syst\u00e8me de soudure \u00e0 froid Werner M\u00fcller se caract\u00e9rise par sa simplicit\u00e9 de manipulation pratique. <\/p>\n<p>Au cours des 40 derni\u00e8res ann\u00e9es, l&rsquo;entreprise a continuellement fait l&rsquo;objet de mesures cons\u00e9quentes d&rsquo;extensions et d&rsquo;internationalisation.<br \/>\n[\/et_pb_text][\/et_pb_column][et_pb_column type=\u00a0\u00bb1_4&Prime; _builder_version=\u00a0\u00bb3.25&Prime; custom_padding=\u00a0\u00bb|||\u00a0\u00bb custom_padding__hover=\u00a0\u00bb|||\u00a0\u00bb][et_pb_image src=\u00a0\u00bbhttps:\/\/www.mueller-pvc-naht.de\/wp-content\/uploads\/sites\/11\/Nadel_Titel_1.jpg\u00a0\u00bb _builder_version=\u00a0\u00bb3.23&Prime; animation_style=\u00a0\u00bbfade\u00a0\u00bb animation_duration=\u00a0\u00bb500ms\u00a0\u00bb use_border_color=\u00a0\u00bboff\u00a0\u00bb border_color=\u00a0\u00bb#ffffff\u00a0\u00bb border_style=\u00a0\u00bbsolid\u00a0\u00bb animation=\u00a0\u00bbfade_in\u00a0\u00bb sticky=\u00a0\u00bboff\u00a0\u00bb always_center_on_mobile=\u00a0\u00bboff\u00a0\u00bb][\/et_pb_image][\/et_pb_column][\/et_pb_row][et_pb_row padding_mobile=\u00a0\u00bboff\u00a0\u00bb column_padding_mobile=\u00a0\u00bbon\u00a0\u00bb _builder_version=\u00a0\u00bb3.25&Prime; background_size=\u00a0\u00bbinitial\u00a0\u00bb background_position=\u00a0\u00bbtop_left\u00a0\u00bb background_repeat=\u00a0\u00bbrepeat\u00a0\u00bb make_fullwidth=\u00a0\u00bboff\u00a0\u00bb use_custom_width=\u00a0\u00bboff\u00a0\u00bb width_unit=\u00a0\u00bbon\u00a0\u00bb global_module=\u00a0\u00bb754&Prime;][et_pb_column type=\u00a0\u00bb4_4&Prime; _builder_version=\u00a0\u00bb3.25&Prime; custom_padding=\u00a0\u00bb|||\u00a0\u00bb custom_padding__hover=\u00a0\u00bb|||\u00a0\u00bb][et_pb_divider color=\u00a0\u00bb#ee7800&Prime; divider_style=\u00a0\u00bbridge\u00a0\u00bb disabled_on=\u00a0\u00bbon|on|off\u00a0\u00bb _builder_version=\u00a0\u00bb3.2&Prime; hide_on_mobile=\u00a0\u00bbon\u00a0\u00bb][\/et_pb_divider][\/et_pb_column][\/et_pb_row][et_pb_row column_structure=\u00a0\u00bb2_3,1_3&Prime; admin_label=\u00a0\u00bbrow\u00a0\u00bb _builder_version=\u00a0\u00bb3.25&Prime; background_size=\u00a0\u00bbinitial\u00a0\u00bb background_position=\u00a0\u00bbtop_left\u00a0\u00bb background_repeat=\u00a0\u00bbrepeat\u00a0\u00bb][et_pb_column type=\u00a0\u00bb2_3&Prime; _builder_version=\u00a0\u00bb3.25&Prime; custom_padding=\u00a0\u00bb|||\u00a0\u00bb custom_padding__hover=\u00a0\u00bb|||\u00a0\u00bb][et_pb_text _builder_version=\u00a0\u00bb3.0.92&Prime; background_size=\u00a0\u00bbinitial\u00a0\u00bb background_position=\u00a0\u00bbtop_left\u00a0\u00bb background_repeat=\u00a0\u00bbrepeat\u00a0\u00bb use_border_color=\u00a0\u00bboff\u00a0\u00bb]<\/p>\n<h1>Historique<\/h1>\n<h3><span style=\"color: #ee7800;\">1976<\/span><\/h3>\n<p>Constitution de la soci\u00e9t\u00e9 \u00e0 Beindersheim par <strong>Werner M\u00fcller<\/strong> (\u2020 2000), autrefois employ\u00e9 chez Pegulan Frankenthal (aujourd&rsquo;hui Tarkett) dans le service d&rsquo;ing\u00e9nierie technique.<\/br><\/p>\n<p>En tant qu&rsquo;ing\u00e9nieur en applications chez Pegulan, Werner M\u00fcller posait \u00e9galement lui-m\u00eame des rev\u00eatements de sol en PVC. C&rsquo;est dans ce cadre qu&rsquo;il a d\u00e9velopp\u00e9 un syst\u00e8me pratique et convivial de soudure \u00e0 froid pour les rev\u00eatements en PVC.<\/br><\/p>\n<p>Le <strong>1er avril 1976<\/strong>, Werner M\u00fcller d\u00e9posait une demande de brevet pour son invention aupr\u00e8s de l&rsquo;office allemand des brevets.<br \/>\n[\/et_pb_text][\/et_pb_column][et_pb_column type=\u00a0\u00bb1_3&Prime; _builder_version=\u00a0\u00bb3.25&Prime; custom_padding=\u00a0\u00bb|||\u00a0\u00bb custom_padding__hover=\u00a0\u00bb|||\u00a0\u00bb][et_pb_image src=\u00a0\u00bbhttps:\/\/www.mueller-pvc-naht.de\/wp-content\/uploads\/sites\/11\/01_1_WernerMueller.jpg\u00a0\u00bb align=\u00a0\u00bbright\u00a0\u00bb _builder_version=\u00a0\u00bb3.23&Prime; animation_style=\u00a0\u00bbfade\u00a0\u00bb animation_duration=\u00a0\u00bb500ms\u00a0\u00bb use_border_color=\u00a0\u00bboff\u00a0\u00bb border_color=\u00a0\u00bb#ffffff\u00a0\u00bb border_style=\u00a0\u00bbsolid\u00a0\u00bb animation=\u00a0\u00bbfade_in\u00a0\u00bb sticky=\u00a0\u00bboff\u00a0\u00bb always_center_on_mobile=\u00a0\u00bboff\u00a0\u00bb][\/et_pb_image][et_pb_text _builder_version=\u00a0\u00bb3.0.92&Prime; background_size=\u00a0\u00bbinitial\u00a0\u00bb background_position=\u00a0\u00bbtop_left\u00a0\u00bb background_repeat=\u00a0\u00bbrepeat\u00a0\u00bb text_orientation=\u00a0\u00bbright\u00a0\u00bb use_border_color=\u00a0\u00bboff\u00a0\u00bb border_color=\u00a0\u00bb#ffffff\u00a0\u00bb border_style=\u00a0\u00bbsolid\u00a0\u00bb]Werner M\u00fcller (\u2020 2000)<br \/>\n[\/et_pb_text][\/et_pb_column][\/et_pb_row][et_pb_row column_structure=\u00a0\u00bb2_3,1_3&Prime; admin_label=\u00a0\u00bbrow\u00a0\u00bb _builder_version=\u00a0\u00bb3.25&Prime; background_size=\u00a0\u00bbinitial\u00a0\u00bb background_position=\u00a0\u00bbtop_left\u00a0\u00bb background_repeat=\u00a0\u00bbrepeat\u00a0\u00bb][et_pb_column type=\u00a0\u00bb2_3&Prime; _builder_version=\u00a0\u00bb3.25&Prime; custom_padding=\u00a0\u00bb|||\u00a0\u00bb custom_padding__hover=\u00a0\u00bb|||\u00a0\u00bb][et_pb_text _builder_version=\u00a0\u00bb3.0.92&Prime; background_size=\u00a0\u00bbinitial\u00a0\u00bb background_position=\u00a0\u00bbtop_left\u00a0\u00bb background_repeat=\u00a0\u00bbrepeat\u00a0\u00bb use_border_color=\u00a0\u00bboff\u00a0\u00bb]<\/p>\n<h3><span style=\"color: #ee7800;\">Aujourd&rsquo;hui<\/span><\/h3>\n<p>La technique de soudure \u00e0 froid pour PVC de la soci\u00e9t\u00e9 Werner M\u00fcller est devenu synonyme d&rsquo;un haut niveau de qualit\u00e9 dans <strong>plus de 30 pays<\/strong> du monde entier sur <strong>4 continents<\/strong>.<\/p>\n<p>&nbsp;<\/p>\n<p>[\/et_pb_text][\/et_pb_column][et_pb_column type=\u00a0\u00bb1_3&Prime; _builder_version=\u00a0\u00bb3.25&Prime; custom_padding=\u00a0\u00bb|||\u00a0\u00bb custom_padding__hover=\u00a0\u00bb|||\u00a0\u00bb][et_pb_image src=\u00a0\u00bbhttps:\/\/www.mueller-pvc-naht.de\/fr\/wp-content\/uploads\/sites\/11\/wm_45_en.png\u00a0\u00bb align=\u00a0\u00bbright\u00a0\u00bb _builder_version=\u00a0\u00bb3.25.2&Prime; max_width=\u00a0\u00bb150px\u00a0\u00bb animation_style=\u00a0\u00bbfade\u00a0\u00bb animation_duration=\u00a0\u00bb500ms\u00a0\u00bb use_border_color=\u00a0\u00bboff\u00a0\u00bb border_color=\u00a0\u00bb#ffffff\u00a0\u00bb border_style=\u00a0\u00bbsolid\u00a0\u00bb animation=\u00a0\u00bbfade_in\u00a0\u00bb sticky=\u00a0\u00bboff\u00a0\u00bb always_center_on_mobile=\u00a0\u00bboff\u00a0\u00bb][\/et_pb_image][\/et_pb_column][\/et_pb_row][\/et_pb_section]<\/p>\n","protected":false},"excerpt":{"rendered":"<p>De la pratique \u2013 pour la pratique Rien ne reste ouvert. Ni les joints \u2013 ni les souhaits de nos clients. Ce qui a commenc\u00e9 par un bricolage passionn\u00e9 dans un atelier priv\u00e9 est aujourd&rsquo;hui synonyme de qualit\u00e9 dans le monde entier. Le syst\u00e8me de soudure \u00e0 froid Werner M\u00fcller se caract\u00e9rise par sa simplicit\u00e9 [&hellip;]<\/p>\n","protected":false},"author":1,"featured_media":0,"parent":6,"menu_order":2,"comment_status":"closed","ping_status":"closed","template":"","meta":{"_et_pb_use_builder":"on","_et_pb_old_content":"<b>\"Nichts bleibt offen\u2026\r\nweder Fugen noch Kundenw\u00fcnsche\"<\/b>\r\n\r\ngetreu der Philosophie unseres Unternehmens.\r\n\r\nUnsere geschulten Mitarbeiter stehen Ihnen\r\nstets kompetent mit Rat und Tat zur Seite.\r\n\r\nDie Kaltschwei\u00dftechnik <b>\u201eSystem Werner M\u00fcller\"<\/b>\r\n\r\nzeichnet sich durch besonders kundennahen Service aus\r\nund ist inzwischen auf vier Kontinenten zu einem anerkannten Markenartikel geworden.","_et_gb_content_width":"","footnotes":""},"class_list":["post-25771","page","type-page","status-publish","hentry"],"_links":{"self":[{"href":"https:\/\/www.mueller-pvc-naht.de\/fr\/wp-json\/wp\/v2\/pages\/25771","targetHints":{"allow":["GET"]}}],"collection":[{"href":"https:\/\/www.mueller-pvc-naht.de\/fr\/wp-json\/wp\/v2\/pages"}],"about":[{"href":"https:\/\/www.mueller-pvc-naht.de\/fr\/wp-json\/wp\/v2\/types\/page"}],"author":[{"embeddable":true,"href":"https:\/\/www.mueller-pvc-naht.de\/fr\/wp-json\/wp\/v2\/users\/1"}],"replies":[{"embeddable":true,"href":"https:\/\/www.mueller-pvc-naht.de\/fr\/wp-json\/wp\/v2\/comments?post=25771"}],"version-history":[{"count":17,"href":"https:\/\/www.mueller-pvc-naht.de\/fr\/wp-json\/wp\/v2\/pages\/25771\/revisions"}],"predecessor-version":[{"id":26205,"href":"https:\/\/www.mueller-pvc-naht.de\/fr\/wp-json\/wp\/v2\/pages\/25771\/revisions\/26205"}],"up":[{"embeddable":true,"href":"https:\/\/www.mueller-pvc-naht.de\/fr\/wp-json\/wp\/v2\/pages\/6"}],"wp:attachment":[{"href":"https:\/\/www.mueller-pvc-naht.de\/fr\/wp-json\/wp\/v2\/media?parent=25771"}],"curies":[{"name":"wp","href":"https:\/\/api.w.org\/{rel}","templated":true}]}}