{"id":417,"date":"2016-02-04T10:25:32","date_gmt":"2016-02-04T09:25:32","guid":{"rendered":"http:\/\/www.mueller-pvc-naht.de\/?page_id=417"},"modified":"2018-02-15T14:33:56","modified_gmt":"2018-02-15T13:33:56","slug":"type-c","status":"publish","type":"page","link":"https:\/\/www.mueller-pvc-naht.de\/fr\/produits\/type-c\/","title":{"rendered":"TYPE C"},"content":{"rendered":"<p>[et_pb_section bb_built=\u00a0\u00bb1&Prime; transparent_background=\u00a0\u00bboff\u00a0\u00bb allow_player_pause=\u00a0\u00bboff\u00a0\u00bb inner_shadow=\u00a0\u00bboff\u00a0\u00bb parallax=\u00a0\u00bboff\u00a0\u00bb parallax_method=\u00a0\u00bbon\u00a0\u00bb padding_mobile=\u00a0\u00bboff\u00a0\u00bb make_fullwidth=\u00a0\u00bboff\u00a0\u00bb use_custom_width=\u00a0\u00bboff\u00a0\u00bb width_unit=\u00a0\u00bboff\u00a0\u00bb custom_width_px=\u00a0\u00bb1080px\u00a0\u00bb custom_width_percent=\u00a0\u00bb80%\u00a0\u00bb make_equal=\u00a0\u00bboff\u00a0\u00bb use_custom_gutter=\u00a0\u00bboff\u00a0\u00bb fullwidth=\u00a0\u00bboff\u00a0\u00bb specialty=\u00a0\u00bbon\u00a0\u00bb disabled=\u00a0\u00bboff\u00a0\u00bb custom_padding_tablet=\u00a0\u00bb50px|0|50px|0&Prime; custom_padding_last_edited=\u00a0\u00bbon|desktop\u00a0\u00bb][et_pb_column type=\u00a0\u00bb1_4&Prime;][et_pb_image src=\u00a0\u00bbhttps:\/\/www.mueller-pvc-naht.de\/fr\/wp-content\/uploads\/sites\/11\/Box_44g_C_fr.png\u00a0\u00bb show_in_lightbox=\u00a0\u00bboff\u00a0\u00bb url_new_window=\u00a0\u00bboff\u00a0\u00bb use_overlay=\u00a0\u00bboff\u00a0\u00bb align=\u00a0\u00bbleft\u00a0\u00bb force_fullwidth=\u00a0\u00bboff\u00a0\u00bb always_center_on_mobile=\u00a0\u00bbon\u00a0\u00bb use_border_color=\u00a0\u00bboff\u00a0\u00bb disabled=\u00a0\u00bboff\u00a0\u00bb animation_style=\u00a0\u00bbslide\u00a0\u00bb animation_duration=\u00a0\u00bb500ms\u00a0\u00bb animation_intensity_slide=\u00a0\u00bb10%\u00a0\u00bb animation_direction=\u00a0\u00bbleft\u00a0\u00bb show_bottom_space=\u00a0\u00bbon\u00a0\u00bb _builder_version=\u00a0\u00bb3.0.92&Prime; \/][et_pb_image src=\u00a0\u00bbhttps:\/\/www.mueller-pvc-naht.de\/wp-content\/uploads\/sites\/11\/typ_c_detail.jpg\u00a0\u00bb show_in_lightbox=\u00a0\u00bbon\u00a0\u00bb url_new_window=\u00a0\u00bboff\u00a0\u00bb use_overlay=\u00a0\u00bbon\u00a0\u00bb animation=\u00a0\u00bbleft\u00a0\u00bb sticky=\u00a0\u00bboff\u00a0\u00bb align=\u00a0\u00bbleft\u00a0\u00bb force_fullwidth=\u00a0\u00bboff\u00a0\u00bb always_center_on_mobile=\u00a0\u00bbon\u00a0\u00bb use_border_color=\u00a0\u00bboff\u00a0\u00bb border_color=\u00a0\u00bb#ffffff\u00a0\u00bb border_width=\u00a0\u00bb1px\u00a0\u00bb border_style=\u00a0\u00bbsolid\u00a0\u00bb disabled=\u00a0\u00bboff\u00a0\u00bb animation_style=\u00a0\u00bbslide\u00a0\u00bb animation_duration=\u00a0\u00bb500ms\u00a0\u00bb animation_intensity_slide=\u00a0\u00bb10%\u00a0\u00bb animation_direction=\u00a0\u00bbleft\u00a0\u00bb show_bottom_space=\u00a0\u00bbon\u00a0\u00bb \/][\/et_pb_column][et_pb_column type=\u00a0\u00bb3_4&Prime; specialty_columns=\u00a0\u00bb3&Prime;][et_pb_row_inner padding_mobile=\u00a0\u00bboff\u00a0\u00bb use_custom_gutter=\u00a0\u00bboff\u00a0\u00bb make_equal=\u00a0\u00bboff\u00a0\u00bb column_padding_mobile=\u00a0\u00bboff\u00a0\u00bb parallax_1=\u00a0\u00bboff\u00a0\u00bb parallax_method_1=\u00a0\u00bbon\u00a0\u00bb parallax_2=\u00a0\u00bboff\u00a0\u00bb parallax_method_2=\u00a0\u00bbon\u00a0\u00bb parallax_3=\u00a0\u00bboff\u00a0\u00bb parallax_method_3=\u00a0\u00bbon\u00a0\u00bb disabled=\u00a0\u00bboff\u00a0\u00bb][et_pb_column_inner type=\u00a0\u00bb4_4&Prime; saved_specialty_column_type=\u00a0\u00bb3_4&Prime;][et_pb_text background_layout=\u00a0\u00bblight\u00a0\u00bb background_image=\u00a0\u00bbhttps:\/\/www.mueller-pvc-naht.de\/wp-content\/uploads\/sites\/11\/typ_c_picto.gif\u00a0\u00bb use_border_color=\u00a0\u00bboff\u00a0\u00bb custom_padding=\u00a0\u00bb40px|||30px\u00a0\u00bb disabled=\u00a0\u00bboff\u00a0\u00bb _builder_version=\u00a0\u00bb3.0.92&Prime;]<\/p>\n<h1><strong>TYPE C<\/strong><\/h1>\n<h2><strong>P\u00e2te de soudure \u00e0 froid pour PVC<br \/>\n<\/strong><\/h2>\n<p>[\/et_pb_text][\/et_pb_column_inner][\/et_pb_row_inner][et_pb_row_inner padding_mobile=\u00a0\u00bboff\u00a0\u00bb use_custom_gutter=\u00a0\u00bboff\u00a0\u00bb gutter_width=\u00a0\u00bb3&Prime; make_equal=\u00a0\u00bboff\u00a0\u00bb column_padding_mobile=\u00a0\u00bbon\u00a0\u00bb background_color_1=\u00a0\u00bb#ededed\u00a0\u00bb padding_top_1=\u00a0\u00bb20px\u00a0\u00bb padding_right_1=\u00a0\u00bb20px\u00a0\u00bb padding_bottom_1=\u00a0\u00bb20px\u00a0\u00bb padding_left_1=\u00a0\u00bb20px\u00a0\u00bb parallax_1=\u00a0\u00bboff\u00a0\u00bb parallax_method_1=\u00a0\u00bboff\u00a0\u00bb parallax_2=\u00a0\u00bboff\u00a0\u00bb parallax_method_2=\u00a0\u00bbon\u00a0\u00bb parallax_3=\u00a0\u00bboff\u00a0\u00bb parallax_method_3=\u00a0\u00bbon\u00a0\u00bb custom_margin=\u00a0\u00bb-25px|||\u00a0\u00bb disabled=\u00a0\u00bboff\u00a0\u00bb][et_pb_column_inner type=\u00a0\u00bb4_4&Prime; saved_specialty_column_type=\u00a0\u00bb3_4&Prime;][et_pb_text background_layout=\u00a0\u00bblight\u00a0\u00bb use_border_color=\u00a0\u00bboff\u00a0\u00bb custom_padding=\u00a0\u00bb|||15px\u00a0\u00bb disabled=\u00a0\u00bboff\u00a0\u00bb _builder_version=\u00a0\u00bb3.0.92&Prime;]<\/p>\n<h4 style=\"color: #ee7800;\"><strong>Domaine d&rsquo;application<\/strong><\/h4>\n<h4><strong>Soudures \u00e9tanches des rev\u00eatements de sol en PVC \/ rev\u00eatements muraux en PVC avec joints de 0,3 \u00e0 4 mm (r\u00e9parations), ainsi que pour papiers-peints en PVC<\/strong><\/h4>\n<p>[\/et_pb_text][et_pb_toggle admin_label=\u00a0\u00bbCharakteristisch &#8211; Toggle\u00a0\u00bb title=\u00a0\u00bbCaract\u00e9ristiques\u00a0\u00bb open=\u00a0\u00bbon\u00a0\u00bb title_font=\u00a0\u00bb|on|||\u00a0\u00bb use_border_color=\u00a0\u00bboff\u00a0\u00bb disabled=\u00a0\u00bboff\u00a0\u00bb _builder_version=\u00a0\u00bb3.0.92&Prime;]<\/p>\n<ul>\n<li><strong>Buse C<\/strong> (avec embout de buse pour joints \u00e9troits)<\/li>\n<\/ul>\n<p>[\/et_pb_toggle][et_pb_toggle admin_label=\u00a0\u00bbEigenschaften &#8211; Toggle\u00a0\u00bb title=\u00a0\u00bbFonctionnalit\u00e9s\u00a0\u00bb open=\u00a0\u00bboff\u00a0\u00bb title_font=\u00a0\u00bb|on|||\u00a0\u00bb use_border_color=\u00a0\u00bboff\u00a0\u00bb disabled=\u00a0\u00bboff\u00a0\u00bb _builder_version=\u00a0\u00bb3.0.92&Prime;]<\/p>\n<ul>\n<li>Utilisable avec ou sans l&#8217;embout de buse<\/li>\n<li>Joints \u00e9troits et papiers-peints PVC &#8211; avec embout de buse<\/li>\n<li>Joints larges \u2013 sans embout de buse<\/li>\n<\/ul>\n<p>[\/et_pb_toggle][et_pb_toggle admin_label=\u00a0\u00bbVerfahren &#8211; Toggle\u00a0\u00bb title=\u00a0\u00bbProc\u00e9d\u00e9\u00a0\u00bb open=\u00a0\u00bboff\u00a0\u00bb title_font=\u00a0\u00bb|on|||\u00a0\u00bb use_border_color=\u00a0\u00bboff\u00a0\u00bb disabled=\u00a0\u00bboff\u00a0\u00bb _builder_version=\u00a0\u00bb3.0.92&Prime;]<\/p>\n<p>Le TYPE C est utilis\u00e9 pour des travaux de r\u00e9paration. Lors d&rsquo;une r\u00e9paration, les joints \u00e0 remplir de p\u00e2te de soudure \u00e0 froid dans le rev\u00eatement de sol en PVC ont des largeurs diff\u00e9rentes.<\/p>\n<p>Dans le cas de joints \u00e9troits, un embout de buse en aluminium est pos\u00e9 sur la canule du tube, puis introduit verticalement dans le joint.<\/p>\n<p>Dans le cas de joints larges, la p\u00e2te de soudure \u00e0 froid pour PVC est pos\u00e9e sans l&#8217;embout de buse.<\/p>\n<p>[\/et_pb_toggle][et_pb_toggle admin_label=\u00a0\u00bbHaltbarkeit &#8211; Toggle\u00a0\u00bb title=\u00a0\u00bbDur\u00e9e de vie\u00a0\u00bb open=\u00a0\u00bboff\u00a0\u00bb title_font=\u00a0\u00bb|on|||\u00a0\u00bb use_border_color=\u00a0\u00bboff\u00a0\u00bb disabled=\u00a0\u00bboff\u00a0\u00bb _builder_version=\u00a0\u00bb3.0.92&Prime;]<\/p>\n<p>Dur\u00e9e de conservation \u00e0 partir de la date de fabrication 3 ans lorsque le produit est stock\u00e9 en permanence au sec, \u00e0 l&rsquo;abri du gel et \u00e0 30 \u00b0C maximum.<\/p>\n<p>[\/et_pb_toggle][et_pb_toggle admin_label=\u00a0\u00bbLieferprogramm &#8211; Toggle\u00a0\u00bb title=\u00a0\u00bbProgramme de livraison\u00a0\u00bb open=\u00a0\u00bboff\u00a0\u00bb title_font=\u00a0\u00bb|on|||\u00a0\u00bb use_border_color=\u00a0\u00bboff\u00a0\u00bb disabled=\u00a0\u00bboff\u00a0\u00bb _builder_version=\u00a0\u00bb3.0.92&Prime;]<\/p>\n<p>Disponible en cartons (pr\u00e9sentoir) de 44 g et 132 g.<\/p>\n<p>[\/et_pb_toggle][\/et_pb_column_inner][\/et_pb_row_inner][\/et_pb_column][\/et_pb_section][et_pb_section bb_built=\u00a0\u00bb1&Prime; transparent_background=\u00a0\u00bboff\u00a0\u00bb background_color=\u00a0\u00bb#eeeeee\u00a0\u00bb allow_player_pause=\u00a0\u00bboff\u00a0\u00bb inner_shadow=\u00a0\u00bboff\u00a0\u00bb parallax=\u00a0\u00bboff\u00a0\u00bb parallax_method=\u00a0\u00bboff\u00a0\u00bb padding_mobile=\u00a0\u00bboff\u00a0\u00bb make_fullwidth=\u00a0\u00bboff\u00a0\u00bb use_custom_width=\u00a0\u00bboff\u00a0\u00bb width_unit=\u00a0\u00bbon\u00a0\u00bb custom_width_px=\u00a0\u00bb1080px\u00a0\u00bb custom_width_percent=\u00a0\u00bb80%\u00a0\u00bb make_equal=\u00a0\u00bboff\u00a0\u00bb use_custom_gutter=\u00a0\u00bboff\u00a0\u00bb gutter_width=\u00a0\u00bb3&Prime; fullwidth=\u00a0\u00bboff\u00a0\u00bb specialty=\u00a0\u00bboff\u00a0\u00bb disabled=\u00a0\u00bboff\u00a0\u00bb custom_padding_tablet=\u00a0\u00bb50px|0|50px|0&Prime; custom_padding_last_edited=\u00a0\u00bbon|desktop\u00a0\u00bb][et_pb_row make_fullwidth=\u00a0\u00bboff\u00a0\u00bb use_custom_width=\u00a0\u00bboff\u00a0\u00bb width_unit=\u00a0\u00bboff\u00a0\u00bb custom_width_px=\u00a0\u00bb1080px\u00a0\u00bb custom_width_percent=\u00a0\u00bb80%\u00a0\u00bb use_custom_gutter=\u00a0\u00bboff\u00a0\u00bb gutter_width=\u00a0\u00bb2&Prime; padding_mobile=\u00a0\u00bboff\u00a0\u00bb allow_player_pause=\u00a0\u00bboff\u00a0\u00bb parallax=\u00a0\u00bboff\u00a0\u00bb parallax_method=\u00a0\u00bbon\u00a0\u00bb make_equal=\u00a0\u00bboff\u00a0\u00bb column_padding_mobile=\u00a0\u00bbon\u00a0\u00bb parallax_1=\u00a0\u00bboff\u00a0\u00bb parallax_method_1=\u00a0\u00bbon\u00a0\u00bb parallax_2=\u00a0\u00bboff\u00a0\u00bb parallax_method_2=\u00a0\u00bbon\u00a0\u00bb parallax_3=\u00a0\u00bboff\u00a0\u00bb parallax_method_3=\u00a0\u00bbon\u00a0\u00bb parallax_4=\u00a0\u00bboff\u00a0\u00bb parallax_method_4=\u00a0\u00bbon\u00a0\u00bb disabled=\u00a0\u00bboff\u00a0\u00bb background_position=\u00a0\u00bbtop_left\u00a0\u00bb background_repeat=\u00a0\u00bbrepeat\u00a0\u00bb background_size=\u00a0\u00bbinitial\u00a0\u00bb][et_pb_column type=\u00a0\u00bb4_4&Prime;][et_pb_text background_layout=\u00a0\u00bblight\u00a0\u00bb use_border_color=\u00a0\u00bboff\u00a0\u00bb disabled=\u00a0\u00bboff\u00a0\u00bb background_position=\u00a0\u00bbtop_left\u00a0\u00bb background_repeat=\u00a0\u00bbrepeat\u00a0\u00bb background_size=\u00a0\u00bbinitial\u00a0\u00bb _builder_version=\u00a0\u00bb3.0.92&Prime;]<\/p>\n<h3><strong><span id=\"result_box\" class=\"short_text\" lang=\"en\"><span class=\"\">Exemples d&rsquo;application<\/span><\/span><\/strong><\/h3>\n<p>[\/et_pb_text][\/et_pb_column][\/et_pb_row][et_pb_row make_fullwidth=\u00a0\u00bboff\u00a0\u00bb use_custom_width=\u00a0\u00bboff\u00a0\u00bb width_unit=\u00a0\u00bbon\u00a0\u00bb custom_width_px=\u00a0\u00bb1064px\u00a0\u00bb use_custom_gutter=\u00a0\u00bboff\u00a0\u00bb gutter_width=\u00a0\u00bb3&Prime; padding_mobile=\u00a0\u00bboff\u00a0\u00bb allow_player_pause=\u00a0\u00bboff\u00a0\u00bb parallax=\u00a0\u00bboff\u00a0\u00bb parallax_method=\u00a0\u00bboff\u00a0\u00bb make_equal=\u00a0\u00bboff\u00a0\u00bb column_padding_mobile=\u00a0\u00bbon\u00a0\u00bb parallax_1=\u00a0\u00bboff\u00a0\u00bb parallax_method_1=\u00a0\u00bboff\u00a0\u00bb parallax_2=\u00a0\u00bbon\u00a0\u00bb parallax_method_2=\u00a0\u00bbon\u00a0\u00bb parallax_3=\u00a0\u00bboff\u00a0\u00bb parallax_method_3=\u00a0\u00bboff\u00a0\u00bb parallax_4=\u00a0\u00bboff\u00a0\u00bb parallax_method_4=\u00a0\u00bbon\u00a0\u00bb disabled=\u00a0\u00bboff\u00a0\u00bb background_position=\u00a0\u00bbtop_left\u00a0\u00bb background_repeat=\u00a0\u00bbrepeat\u00a0\u00bb background_size=\u00a0\u00bbinitial\u00a0\u00bb][et_pb_column type=\u00a0\u00bb1_4&Prime;][et_pb_image src=\u00a0\u00bbhttps:\/\/www.mueller-pvc-naht.de\/wp-content\/uploads\/sites\/11\/TYP_C_300-1.jpg\u00a0\u00bb show_in_lightbox=\u00a0\u00bboff\u00a0\u00bb url_new_window=\u00a0\u00bboff\u00a0\u00bb use_overlay=\u00a0\u00bboff\u00a0\u00bb sticky=\u00a0\u00bboff\u00a0\u00bb align=\u00a0\u00bbleft\u00a0\u00bb force_fullwidth=\u00a0\u00bboff\u00a0\u00bb always_center_on_mobile=\u00a0\u00bboff\u00a0\u00bb use_border_color=\u00a0\u00bboff\u00a0\u00bb border_color=\u00a0\u00bb#ffffff\u00a0\u00bb border_width=\u00a0\u00bb1px\u00a0\u00bb border_style=\u00a0\u00bbsolid\u00a0\u00bb disabled=\u00a0\u00bboff\u00a0\u00bb animation_style=\u00a0\u00bbfade\u00a0\u00bb animation_duration=\u00a0\u00bb500ms\u00a0\u00bb animation_intensity_slide=\u00a0\u00bb10%\u00a0\u00bb animation_direction=\u00a0\u00bbcenter\u00a0\u00bb show_bottom_space=\u00a0\u00bbon\u00a0\u00bb \/][et_pb_text background_layout=\u00a0\u00bblight\u00a0\u00bb use_border_color=\u00a0\u00bboff\u00a0\u00bb disabled=\u00a0\u00bboff\u00a0\u00bb background_position=\u00a0\u00bbtop_left\u00a0\u00bb background_repeat=\u00a0\u00bbrepeat\u00a0\u00bb background_size=\u00a0\u00bbinitial\u00a0\u00bb _builder_version=\u00a0\u00bb3.0.92&Prime;]<\/p>\n<p>Tube avec ou sans buse C<\/p>\n<p>[\/et_pb_text][\/et_pb_column][et_pb_column type=\u00a0\u00bb1_4&Prime;][et_pb_image src=\u00a0\u00bbhttps:\/\/www.mueller-pvc-naht.de\/wp-content\/uploads\/sites\/11\/TYPC_Verschweissung_300.jpg\u00a0\u00bb title_text=\u00a0\u00bbSchmale Fugen \u2013 mit Aufsatz\u00a0\u00bb show_in_lightbox=\u00a0\u00bboff\u00a0\u00bb url_new_window=\u00a0\u00bboff\u00a0\u00bb use_overlay=\u00a0\u00bboff\u00a0\u00bb sticky=\u00a0\u00bboff\u00a0\u00bb align=\u00a0\u00bbleft\u00a0\u00bb force_fullwidth=\u00a0\u00bboff\u00a0\u00bb always_center_on_mobile=\u00a0\u00bbon\u00a0\u00bb use_border_color=\u00a0\u00bboff\u00a0\u00bb border_color=\u00a0\u00bb#ffffff\u00a0\u00bb border_width=\u00a0\u00bb1px\u00a0\u00bb border_style=\u00a0\u00bbsolid\u00a0\u00bb disabled=\u00a0\u00bboff\u00a0\u00bb animation_style=\u00a0\u00bbfade\u00a0\u00bb animation_duration=\u00a0\u00bb500ms\u00a0\u00bb animation_intensity_slide=\u00a0\u00bb10%\u00a0\u00bb animation_direction=\u00a0\u00bbcenter\u00a0\u00bb show_bottom_space=\u00a0\u00bbon\u00a0\u00bb \/][et_pb_text background_layout=\u00a0\u00bblight\u00a0\u00bb use_border_color=\u00a0\u00bboff\u00a0\u00bb disabled=\u00a0\u00bboff\u00a0\u00bb background_position=\u00a0\u00bbtop_left\u00a0\u00bb background_repeat=\u00a0\u00bbrepeat\u00a0\u00bb background_size=\u00a0\u00bbinitial\u00a0\u00bb _builder_version=\u00a0\u00bb3.0.92&Prime;]<\/p>\n<p>Joints \u00e9troits \u2013 avec embout<\/p>\n<p>[\/et_pb_text][\/et_pb_column][et_pb_column type=\u00a0\u00bb1_4&Prime;][et_pb_image src=\u00a0\u00bbhttps:\/\/www.mueller-pvc-naht.de\/wp-content\/uploads\/sites\/11\/TYPC_Verschweissung_breit_300-1.jpg\u00a0\u00bb title_text=\u00a0\u00bbBreite Fugen \u2013 ohne Aufsatz\u00a0\u00bb show_in_lightbox=\u00a0\u00bboff\u00a0\u00bb url_new_window=\u00a0\u00bboff\u00a0\u00bb use_overlay=\u00a0\u00bboff\u00a0\u00bb sticky=\u00a0\u00bboff\u00a0\u00bb align=\u00a0\u00bbleft\u00a0\u00bb force_fullwidth=\u00a0\u00bboff\u00a0\u00bb always_center_on_mobile=\u00a0\u00bboff\u00a0\u00bb use_border_color=\u00a0\u00bboff\u00a0\u00bb border_color=\u00a0\u00bb#ffffff\u00a0\u00bb border_width=\u00a0\u00bb1px\u00a0\u00bb border_style=\u00a0\u00bbsolid\u00a0\u00bb disabled=\u00a0\u00bboff\u00a0\u00bb animation_style=\u00a0\u00bbfade\u00a0\u00bb animation_duration=\u00a0\u00bb500ms\u00a0\u00bb animation_intensity_slide=\u00a0\u00bb10%\u00a0\u00bb animation_direction=\u00a0\u00bbcenter\u00a0\u00bb show_bottom_space=\u00a0\u00bbon\u00a0\u00bb \/][et_pb_text background_layout=\u00a0\u00bblight\u00a0\u00bb use_border_color=\u00a0\u00bboff\u00a0\u00bb disabled=\u00a0\u00bboff\u00a0\u00bb background_position=\u00a0\u00bbtop_left\u00a0\u00bb background_repeat=\u00a0\u00bbrepeat\u00a0\u00bb background_size=\u00a0\u00bbinitial\u00a0\u00bb _builder_version=\u00a0\u00bb3.0.92&Prime;]<\/p>\n<p>Joints larges \u2013 sans embout<\/p>\n<p>[\/et_pb_text][\/et_pb_column][et_pb_column type=\u00a0\u00bb1_4&Prime;][et_pb_image src=\u00a0\u00bbhttps:\/\/www.mueller-pvc-naht.de\/wp-content\/uploads\/sites\/11\/TypC_Tapeten-1.jpg\u00a0\u00bb title_text=\u00a0\u00bbSt\u00f6\u00dfe bei PVC-Tapeten \u2013 mit Aufsatz\u00a0\u00bb show_in_lightbox=\u00a0\u00bbon\u00a0\u00bb url_new_window=\u00a0\u00bboff\u00a0\u00bb use_overlay=\u00a0\u00bboff\u00a0\u00bb sticky=\u00a0\u00bboff\u00a0\u00bb align=\u00a0\u00bbleft\u00a0\u00bb force_fullwidth=\u00a0\u00bboff\u00a0\u00bb always_center_on_mobile=\u00a0\u00bboff\u00a0\u00bb use_border_color=\u00a0\u00bboff\u00a0\u00bb border_color=\u00a0\u00bb#ffffff\u00a0\u00bb border_width=\u00a0\u00bb1px\u00a0\u00bb border_style=\u00a0\u00bbsolid\u00a0\u00bb disabled=\u00a0\u00bboff\u00a0\u00bb animation_style=\u00a0\u00bbfade\u00a0\u00bb animation_duration=\u00a0\u00bb500ms\u00a0\u00bb animation_intensity_slide=\u00a0\u00bb10%\u00a0\u00bb animation_direction=\u00a0\u00bbcenter\u00a0\u00bb show_bottom_space=\u00a0\u00bbon\u00a0\u00bb \/][et_pb_text background_layout=\u00a0\u00bblight\u00a0\u00bb use_border_color=\u00a0\u00bboff\u00a0\u00bb disabled=\u00a0\u00bboff\u00a0\u00bb background_position=\u00a0\u00bbtop_left\u00a0\u00bb background_repeat=\u00a0\u00bbrepeat\u00a0\u00bb background_size=\u00a0\u00bbinitial\u00a0\u00bb _builder_version=\u00a0\u00bb3.0.92&Prime;]<\/p>\n<p>Papiers-peints PVC \u2013 avec embout<\/p>\n<p>[\/et_pb_text][\/et_pb_column][\/et_pb_row][et_pb_row make_fullwidth=\u00a0\u00bboff\u00a0\u00bb use_custom_width=\u00a0\u00bboff\u00a0\u00bb width_unit=\u00a0\u00bboff\u00a0\u00bb custom_width_px=\u00a0\u00bb1080px\u00a0\u00bb custom_width_percent=\u00a0\u00bb80%\u00a0\u00bb use_custom_gutter=\u00a0\u00bboff\u00a0\u00bb gutter_width=\u00a0\u00bb2&Prime; padding_mobile=\u00a0\u00bboff\u00a0\u00bb allow_player_pause=\u00a0\u00bboff\u00a0\u00bb parallax=\u00a0\u00bboff\u00a0\u00bb parallax_method=\u00a0\u00bbon\u00a0\u00bb make_equal=\u00a0\u00bboff\u00a0\u00bb column_padding_mobile=\u00a0\u00bbon\u00a0\u00bb parallax_1=\u00a0\u00bboff\u00a0\u00bb parallax_method_1=\u00a0\u00bbon\u00a0\u00bb parallax_2=\u00a0\u00bboff\u00a0\u00bb parallax_method_2=\u00a0\u00bbon\u00a0\u00bb parallax_3=\u00a0\u00bboff\u00a0\u00bb parallax_method_3=\u00a0\u00bbon\u00a0\u00bb parallax_4=\u00a0\u00bboff\u00a0\u00bb parallax_method_4=\u00a0\u00bbon\u00a0\u00bb disabled=\u00a0\u00bboff\u00a0\u00bb background_position=\u00a0\u00bbtop_left\u00a0\u00bb background_repeat=\u00a0\u00bbrepeat\u00a0\u00bb background_size=\u00a0\u00bbinitial\u00a0\u00bb][et_pb_column type=\u00a0\u00bb4_4&Prime;][\/et_pb_column][\/et_pb_row][\/et_pb_section]<\/p>\n","protected":false},"excerpt":{"rendered":"<p>TYPE C P\u00e2te de soudure \u00e0 froid pour PVC Domaine d&rsquo;application Soudures \u00e9tanches des rev\u00eatements de sol en PVC \/ rev\u00eatements muraux en PVC avec joints de 0,3 \u00e0 4 mm (r\u00e9parations), ainsi que pour papiers-peints en PVC Buse C (avec embout de buse pour joints \u00e9troits) Utilisable avec ou sans l&#8217;embout de buse Joints [&hellip;]<\/p>\n","protected":false},"author":1,"featured_media":0,"parent":118,"menu_order":0,"comment_status":"closed","ping_status":"closed","template":"","meta":{"_et_pb_use_builder":"on","_et_pb_old_content":"","_et_gb_content_width":"","footnotes":""},"class_list":["post-417","page","type-page","status-publish","hentry"],"_links":{"self":[{"href":"https:\/\/www.mueller-pvc-naht.de\/fr\/wp-json\/wp\/v2\/pages\/417","targetHints":{"allow":["GET"]}}],"collection":[{"href":"https:\/\/www.mueller-pvc-naht.de\/fr\/wp-json\/wp\/v2\/pages"}],"about":[{"href":"https:\/\/www.mueller-pvc-naht.de\/fr\/wp-json\/wp\/v2\/types\/page"}],"author":[{"embeddable":true,"href":"https:\/\/www.mueller-pvc-naht.de\/fr\/wp-json\/wp\/v2\/users\/1"}],"replies":[{"embeddable":true,"href":"https:\/\/www.mueller-pvc-naht.de\/fr\/wp-json\/wp\/v2\/comments?post=417"}],"version-history":[{"count":36,"href":"https:\/\/www.mueller-pvc-naht.de\/fr\/wp-json\/wp\/v2\/pages\/417\/revisions"}],"predecessor-version":[{"id":26140,"href":"https:\/\/www.mueller-pvc-naht.de\/fr\/wp-json\/wp\/v2\/pages\/417\/revisions\/26140"}],"up":[{"embeddable":true,"href":"https:\/\/www.mueller-pvc-naht.de\/fr\/wp-json\/wp\/v2\/pages\/118"}],"wp:attachment":[{"href":"https:\/\/www.mueller-pvc-naht.de\/fr\/wp-json\/wp\/v2\/media?parent=417"}],"curies":[{"name":"wp","href":"https:\/\/api.w.org\/{rel}","templated":true}]}}