{"id":156,"date":"2016-01-25T13:28:14","date_gmt":"2016-01-25T12:28:14","guid":{"rendered":"http:\/\/www.mueller-pvc-naht.de\/?page_id=156"},"modified":"2021-03-25T23:14:49","modified_gmt":"2021-03-25T22:14:49","slug":"contact","status":"publish","type":"page","link":"https:\/\/www.mueller-pvc-naht.de\/ru\/contact\/","title":{"rendered":"\u041a\u043e\u043d\u0442\u0430\u043a\u0442\u044b"},"content":{"rendered":"<p>[et_pb_section fb_built=&#187;1&#8243; admin_label=&#187;section&#187; _builder_version=&#187;3.22.3&#8243;][et_pb_row admin_label=&#187;Row&#187; _builder_version=&#187;3.25&#8243; background_size=&#187;initial&#187; background_position=&#187;top_left&#187; background_repeat=&#187;repeat&#187;][et_pb_column type=&#187;4_4&#8243; _builder_version=&#187;3.25&#8243; custom_padding=&#187;|||&#187; custom_padding__hover=&#187;|||&#187;][et_pb_text admin_label=&#187;Text&#187; _builder_version=&#187;3.25.2&#8243; background_size=&#187;initial&#187; background_position=&#187;top_left&#187; background_repeat=&#187;repeat&#187; use_border_color=&#187;off&#187; border_color=&#187;#ffffff&#187; border_style=&#187;solid&#187;]<\/p>\n<h1 class=\"et_pb_contact_main_title et-fb-editable-element et-fb-editable-element__editing\" data-shortcode-id=\"0.1.0.0-1616710456113\" data-quickaccess-id=\"title\" contenteditable=\"true\">\u041a\u043e\u043d\u0442\u0430\u043a\u0442\u044b<\/h1>\n<p>[\/et_pb_text][\/et_pb_column][\/et_pb_row][et_pb_row column_structure=&#187;2_3,1_3&#8243; admin_label=&#187;row&#187; _builder_version=&#187;3.25&#8243; background_size=&#187;initial&#187; background_position=&#187;top_left&#187; background_repeat=&#187;repeat&#187;][et_pb_column type=&#187;2_3&#8243; _builder_version=&#187;3.25&#8243; custom_padding=&#187;|||&#187; custom_padding__hover=&#187;|||&#187;][et_pb_text admin_label=&#187;Text&#187; _builder_version=&#187;3.0.87&#8243; background_size=&#187;initial&#187; background_position=&#187;top_left&#187; background_repeat=&#187;repeat&#187; use_border_color=&#187;off&#187; border_color=&#187;#ffffff&#187; border_style=&#187;solid&#187;]<strong><img loading=\"lazy\" decoding=\"async\" class=\"alignnone wp-image-5\" src=\"https:\/\/www.mueller-pvc-naht.de\/wp-content\/uploads\/sites\/8\/2016\/01\/WM_Logo_sw_klein-300x70.png\" alt=\"WM_Logo_sw_klein\" width=\"189\" height=\"39\" \/><\/strong><\/p>\n<p><strong>Werner M\u00fcller GmbH<\/strong><br \/>\n<strong> PVC-Kaltschwei\u00dftechnik<\/strong><\/p>\n<p>Rudolf-Diesel-Stra\u00dfe 7<br \/>\n67227 Frankenthal, Germany<\/p>\n<p><strong>\u0422\u0435\u043b\u0435\u0444\u043e\u043d:<\/strong> +49-(0) 62 33-37 93-0<br \/>\n<strong>\u0424\u0430\u043a\u0441:<\/strong> +49-(0) 62 33-37 93-20<\/p>\n<p><strong>\u042d\u043b\u0435\u043a\u0442\u0440\u043e\u043d\u043d\u0430\u044f \u043f\u043e\u0447\u0442\u0430:<\/strong> <a href=\"mailto:info@mueller-pvc-naht.de\">info@mueller-pvc-naht.de<\/a><br \/>\n[\/et_pb_text][\/et_pb_column][et_pb_column type=&#187;1_3&#8243; _builder_version=&#187;3.25&#8243; custom_padding=&#187;|||&#187; custom_padding__hover=&#187;|||&#187;][\/et_pb_column][\/et_pb_row][\/et_pb_section]<\/p>\n","protected":false},"excerpt":{"rendered":"<p>\u041a\u043e\u043d\u0442\u0430\u043a\u0442\u044b Werner M\u00fcller GmbH PVC-Kaltschwei\u00dftechnik Rudolf-Diesel-Stra\u00dfe 7 67227 Frankenthal, Germany \u0422\u0435\u043b\u0435\u0444\u043e\u043d: +49-(0) 62 33-37 93-0 \u0424\u0430\u043a\u0441: +49-(0) 62 33-37 93-20 \u042d\u043b\u0435\u043a\u0442\u0440\u043e\u043d\u043d\u0430\u044f \u043f\u043e\u0447\u0442\u0430: info@mueller-pvc-naht.de<\/p>\n","protected":false},"author":1,"featured_media":0,"parent":0,"menu_order":4,"comment_status":"closed","ping_status":"closed","template":"","meta":{"_et_pb_use_builder":"on","_et_pb_old_content":"","_et_gb_content_width":"","footnotes":""},"class_list":["post-156","page","type-page","status-publish","hentry"],"_links":{"self":[{"href":"https:\/\/www.mueller-pvc-naht.de\/ru\/wp-json\/wp\/v2\/pages\/156","targetHints":{"allow":["GET"]}}],"collection":[{"href":"https:\/\/www.mueller-pvc-naht.de\/ru\/wp-json\/wp\/v2\/pages"}],"about":[{"href":"https:\/\/www.mueller-pvc-naht.de\/ru\/wp-json\/wp\/v2\/types\/page"}],"author":[{"embeddable":true,"href":"https:\/\/www.mueller-pvc-naht.de\/ru\/wp-json\/wp\/v2\/users\/1"}],"replies":[{"embeddable":true,"href":"https:\/\/www.mueller-pvc-naht.de\/ru\/wp-json\/wp\/v2\/comments?post=156"}],"version-history":[{"count":34,"href":"https:\/\/www.mueller-pvc-naht.de\/ru\/wp-json\/wp\/v2\/pages\/156\/revisions"}],"predecessor-version":[{"id":26197,"href":"https:\/\/www.mueller-pvc-naht.de\/ru\/wp-json\/wp\/v2\/pages\/156\/revisions\/26197"}],"wp:attachment":[{"href":"https:\/\/www.mueller-pvc-naht.de\/ru\/wp-json\/wp\/v2\/media?parent=156"}],"curies":[{"name":"wp","href":"https:\/\/api.w.org\/{rel}","templated":true}]}}